{"id":173,"date":"2023-03-20T14:59:29","date_gmt":"2023-03-20T14:59:29","guid":{"rendered":"https:\/\/www.berzosamdi.com\/?page_id=173"},"modified":"2023-03-20T15:05:49","modified_gmt":"2023-03-20T15:05:49","slug":"reparacion-moldes","status":"publish","type":"page","link":"https:\/\/www.berzosamdi.com\/en\/reparacion-moldes\/","title":{"rendered":"Mold Repair"},"content":{"rendered":"<div data-elementor-type=\"wp-page\" data-elementor-id=\"173\" class=\"elementor elementor-173\" data-elementor-post-type=\"page\">\n\t\t\t\t\t\t<section class=\"elementor-section elementor-top-section elementor-element elementor-element-bcf8d1f elementor-section-boxed elementor-section-height-default elementor-section-height-default\" data-id=\"bcf8d1f\" data-element_type=\"section\" data-e-type=\"section\" data-settings=\"{&quot;background_background&quot;:&quot;classic&quot;}\">\n\t\t\t\t\t\t<div class=\"elementor-container elementor-column-gap-default\">\n\t\t\t\t\t<div class=\"elementor-column elementor-col-100 elementor-top-column elementor-element elementor-element-9f1de1f\" data-id=\"9f1de1f\" data-element_type=\"column\" data-e-type=\"column\">\n\t\t\t<div class=\"elementor-widget-wrap elementor-element-populated\">\n\t\t\t\t\t\t<div class=\"elementor-element elementor-element-0c25dce elementor-widget elementor-widget-heading\" data-id=\"0c25dce\" data-element_type=\"widget\" data-e-type=\"widget\" data-widget_type=\"heading.default\">\n\t\t\t\t<div class=\"elementor-widget-container\">\n\t\t\t\t\t<h1 class=\"elementor-heading-title elementor-size-default\">Mold Repair<\/h1>\t\t\t\t<\/div>\n\t\t\t\t<\/div>\n\t\t\t\t\t<\/div>\n\t\t<\/div>\n\t\t\t\t\t<\/div>\n\t\t<\/section>\n\t\t\t\t<section class=\"elementor-section elementor-top-section elementor-element elementor-element-ea3868f elementor-section-boxed elementor-section-height-default elementor-section-height-default\" data-id=\"ea3868f\" data-element_type=\"section\" data-e-type=\"section\" data-settings=\"{&quot;background_background&quot;:&quot;classic&quot;}\">\n\t\t\t\t\t\t<div class=\"elementor-container elementor-column-gap-default\">\n\t\t\t\t\t<div class=\"elementor-column elementor-col-100 elementor-top-column elementor-element elementor-element-143346c\" data-id=\"143346c\" data-element_type=\"column\" data-e-type=\"column\">\n\t\t\t<div class=\"elementor-widget-wrap elementor-element-populated\">\n\t\t\t\t\t\t<div class=\"elementor-element elementor-element-84795cf elementor-widget elementor-widget-text-editor\" data-id=\"84795cf\" data-element_type=\"widget\" data-e-type=\"widget\" data-widget_type=\"text-editor.default\">\n\t\t\t\t<div class=\"elementor-widget-container\">\n\t\t\t\t\t\t\t\t\t<p><a href=\"https:\/\/www.berzosamdi.com\/en\/\"><span style=\"color: #14b0e6; text-decoration: none;\">Home\u00a0<\/span><\/a> \/ <span style=\"color: #14b0e6;\"><a style=\"color: #14b0e6;\" href=\"\/en\/servicios\/\">Services<\/a><\/span><\/p>\t\t\t\t\t\t\t\t<\/div>\n\t\t\t\t<\/div>\n\t\t\t\t\t<\/div>\n\t\t<\/div>\n\t\t\t\t\t<\/div>\n\t\t<\/section>\n\t\t\t\t<section class=\"elementor-section elementor-top-section elementor-element elementor-element-eb2b31e elementor-section-boxed elementor-section-height-default elementor-section-height-default\" data-id=\"eb2b31e\" data-element_type=\"section\" data-e-type=\"section\">\n\t\t\t\t\t\t<div class=\"elementor-container elementor-column-gap-default\">\n\t\t\t\t\t<div class=\"elementor-column elementor-col-100 elementor-top-column elementor-element elementor-element-9be912b\" data-id=\"9be912b\" data-element_type=\"column\" data-e-type=\"column\">\n\t\t\t<div class=\"elementor-widget-wrap elementor-element-populated\">\n\t\t\t\t\t\t<div class=\"elementor-element elementor-element-c70f4b6 elementor-widget elementor-widget-text-editor\" data-id=\"c70f4b6\" data-element_type=\"widget\" data-e-type=\"widget\" data-widget_type=\"text-editor.default\">\n\t\t\t\t<div class=\"elementor-widget-container\">\n\t\t\t\t\t\t\t\t\t<p class=\"translation-block\">In order to obtain maximum results from a mold, it is very important to carry out proper maintenance and repair. When we diagnose a problem, we bring all our experience to bear and we offer a guaranteed solution. In order to minimize downtime in the production of a mold, we offer very short delivery times.<\/p>\t\t\t\t\t\t\t\t<\/div>\n\t\t\t\t<\/div>\n\t\t\t\t<div class=\"elementor-element elementor-element-042fd30 elementor-widget elementor-widget-image\" data-id=\"042fd30\" data-element_type=\"widget\" data-e-type=\"widget\" data-widget_type=\"image.default\">\n\t\t\t\t<div class=\"elementor-widget-container\">\n\t\t\t\t\t\t\t\t\t\t\t\t\t\t\t<img fetchpriority=\"high\" decoding=\"async\" width=\"1024\" height=\"683\" src=\"https:\/\/www.berzosamdi.com\/wp-content\/uploads\/2023\/03\/reparacion-moldes-1024x683.jpg\" class=\"attachment-large size-large wp-image-182\" alt=\"\" srcset=\"https:\/\/www.berzosamdi.com\/wp-content\/uploads\/2023\/03\/reparacion-moldes-1024x683.jpg 1024w, https:\/\/www.berzosamdi.com\/wp-content\/uploads\/2023\/03\/reparacion-moldes-300x200.jpg 300w, https:\/\/www.berzosamdi.com\/wp-content\/uploads\/2023\/03\/reparacion-moldes-768x512.jpg 768w, https:\/\/www.berzosamdi.com\/wp-content\/uploads\/2023\/03\/reparacion-moldes.jpg 1134w\" sizes=\"(max-width: 1024px) 100vw, 1024px\" \/>\t\t\t\t\t\t\t\t\t\t\t\t\t\t\t<\/div>\n\t\t\t\t<\/div>\n\t\t\t\t\t<\/div>\n\t\t<\/div>\n\t\t\t\t\t<\/div>\n\t\t<\/section>\n\t\t\t\t<\/div>","protected":false},"excerpt":{"rendered":"<p>Reparaci\u00f3n de Moldes Inicio\u00a0 \/ Servicios Para poder sacar el m\u00e1ximo rendimiento a un molde es muy importante realizar un\u00a0correcto mantenimiento y reparaci\u00f3n. Aplicamos toda nuestra experiencia para diagnosticar el problema y ofrecer una soluci\u00f3n de garant\u00edas. Para minimizar el paro en la producci\u00f3n de un molde ofrecemos unos\u00a0plazos de entrega muy cortos.<\/p>","protected":false},"author":1,"featured_media":0,"parent":0,"menu_order":0,"comment_status":"closed","ping_status":"closed","template":"","meta":{"site-sidebar-layout":"no-sidebar","site-content-layout":"page-builder","ast-site-content-layout":"default","site-content-style":"default","site-sidebar-style":"default","ast-global-header-display":"","ast-banner-title-visibility":"","ast-main-header-display":"","ast-hfb-above-header-display":"","ast-hfb-below-header-display":"","ast-hfb-mobile-header-display":"","site-post-title":"disabled","ast-breadcrumbs-content":"","ast-featured-img":"disabled","footer-sml-layout":"","ast-disable-related-posts":"","theme-transparent-header-meta":"","adv-header-id-meta":"","stick-header-meta":"","header-above-stick-meta":"","header-main-stick-meta":"","header-below-stick-meta":"","astra-migrate-meta-layouts":"default","ast-page-background-enabled":"default","ast-page-background-meta":{"desktop":{"background-color":"var(--ast-global-color-4)","background-image":"","background-repeat":"repeat","background-position":"center center","background-size":"auto","background-attachment":"scroll","background-type":"","background-media":"","overlay-type":"","overlay-color":"","overlay-opacity":"","overlay-gradient":""},"tablet":{"background-color":"","background-image":"","background-repeat":"repeat","background-position":"center center","background-size":"auto","background-attachment":"scroll","background-type":"","background-media":"","overlay-type":"","overlay-color":"","overlay-opacity":"","overlay-gradient":""},"mobile":{"background-color":"","background-image":"","background-repeat":"repeat","background-position":"center center","background-size":"auto","background-attachment":"scroll","background-type":"","background-media":"","overlay-type":"","overlay-color":"","overlay-opacity":"","overlay-gradient":""}},"ast-content-background-meta":{"desktop":{"background-color":"var(--ast-global-color-5)","background-image":"","background-repeat":"repeat","background-position":"center center","background-size":"auto","background-attachment":"scroll","background-type":"","background-media":"","overlay-type":"","overlay-color":"","overlay-opacity":"","overlay-gradient":""},"tablet":{"background-color":"var(--ast-global-color-5)","background-image":"","background-repeat":"repeat","background-position":"center center","background-size":"auto","background-attachment":"scroll","background-type":"","background-media":"","overlay-type":"","overlay-color":"","overlay-opacity":"","overlay-gradient":""},"mobile":{"background-color":"var(--ast-global-color-5)","background-image":"","background-repeat":"repeat","background-position":"center center","background-size":"auto","background-attachment":"scroll","background-type":"","background-media":"","overlay-type":"","overlay-color":"","overlay-opacity":"","overlay-gradient":""}},"footnotes":""},"class_list":["post-173","page","type-page","status-publish","hentry"],"yoast_head":"<!-- This site is optimized with the Yoast SEO plugin v27.3 - https:\/\/yoast.com\/product\/yoast-seo-wordpress\/ -->\n<title>Reparaci\u00f3n moldes - Berzosa Moldes de Inyecci\u00f3n<\/title>\n<meta name=\"robots\" content=\"index, follow, max-snippet:-1, max-image-preview:large, max-video-preview:-1\" \/>\n<link rel=\"canonical\" href=\"https:\/\/www.berzosamdi.com\/en\/reparacion-moldes\/\" \/>\n<meta property=\"og:locale\" content=\"en_US\" \/>\n<meta property=\"og:type\" content=\"article\" \/>\n<meta property=\"og:title\" content=\"Reparaci\u00f3n moldes - Berzosa Moldes de Inyecci\u00f3n\" \/>\n<meta property=\"og:description\" content=\"Reparaci\u00f3n de Moldes Inicio\u00a0 \/ Servicios Para poder sacar el m\u00e1ximo rendimiento a un molde es muy importante realizar un\u00a0correcto mantenimiento y reparaci\u00f3n. Aplicamos toda nuestra experiencia para diagnosticar el problema y ofrecer una soluci\u00f3n de garant\u00edas. Para minimizar el paro en la producci\u00f3n de un molde ofrecemos unos\u00a0plazos de entrega muy cortos.\" \/>\n<meta property=\"og:url\" content=\"https:\/\/www.berzosamdi.com\/en\/reparacion-moldes\/\" \/>\n<meta property=\"og:site_name\" content=\"Berzosa Moldes de Inyecci\u00f3n\" \/>\n<meta property=\"article:modified_time\" content=\"2023-03-20T15:05:49+00:00\" \/>\n<meta property=\"og:image\" content=\"https:\/\/www.berzosamdi.com\/wp-content\/uploads\/2023\/03\/reparacion-moldes-1024x683.jpg\" \/>\n<meta name=\"twitter:card\" content=\"summary_large_image\" \/>\n<meta name=\"twitter:label1\" content=\"Est. reading time\" \/>\n\t<meta name=\"twitter:data1\" content=\"1 minute\" \/>\n<script type=\"application\/ld+json\" class=\"yoast-schema-graph\">{\"@context\":\"https:\\\/\\\/schema.org\",\"@graph\":[{\"@type\":\"WebPage\",\"@id\":\"https:\\\/\\\/www.berzosamdi.com\\\/reparacion-moldes\\\/\",\"url\":\"https:\\\/\\\/www.berzosamdi.com\\\/reparacion-moldes\\\/\",\"name\":\"Reparaci\u00f3n moldes - Berzosa Moldes de Inyecci\u00f3n\",\"isPartOf\":{\"@id\":\"https:\\\/\\\/www.berzosamdi.com\\\/#website\"},\"primaryImageOfPage\":{\"@id\":\"https:\\\/\\\/www.berzosamdi.com\\\/reparacion-moldes\\\/#primaryimage\"},\"image\":{\"@id\":\"https:\\\/\\\/www.berzosamdi.com\\\/reparacion-moldes\\\/#primaryimage\"},\"thumbnailUrl\":\"https:\\\/\\\/www.berzosamdi.com\\\/wp-content\\\/uploads\\\/2023\\\/03\\\/reparacion-moldes-1024x683.jpg\",\"datePublished\":\"2023-03-20T14:59:29+00:00\",\"dateModified\":\"2023-03-20T15:05:49+00:00\",\"breadcrumb\":{\"@id\":\"https:\\\/\\\/www.berzosamdi.com\\\/reparacion-moldes\\\/#breadcrumb\"},\"inLanguage\":\"en-US\",\"potentialAction\":[{\"@type\":\"ReadAction\",\"target\":[\"https:\\\/\\\/www.berzosamdi.com\\\/reparacion-moldes\\\/\"]}]},{\"@type\":\"ImageObject\",\"inLanguage\":\"en-US\",\"@id\":\"https:\\\/\\\/www.berzosamdi.com\\\/reparacion-moldes\\\/#primaryimage\",\"url\":\"https:\\\/\\\/www.berzosamdi.com\\\/wp-content\\\/uploads\\\/2023\\\/03\\\/reparacion-moldes-1024x683.jpg\",\"contentUrl\":\"https:\\\/\\\/www.berzosamdi.com\\\/wp-content\\\/uploads\\\/2023\\\/03\\\/reparacion-moldes-1024x683.jpg\"},{\"@type\":\"BreadcrumbList\",\"@id\":\"https:\\\/\\\/www.berzosamdi.com\\\/reparacion-moldes\\\/#breadcrumb\",\"itemListElement\":[{\"@type\":\"ListItem\",\"position\":1,\"name\":\"Portada\",\"item\":\"https:\\\/\\\/www.berzosamdi.com\\\/\"},{\"@type\":\"ListItem\",\"position\":2,\"name\":\"Reparaci\u00f3n moldes\"}]},{\"@type\":\"WebSite\",\"@id\":\"https:\\\/\\\/www.berzosamdi.com\\\/#website\",\"url\":\"https:\\\/\\\/www.berzosamdi.com\\\/\",\"name\":\"Berzosa MDI\",\"description\":\"En Berzosa Moldes de Inyecci\u00f3n somos expertos en fabricaci\u00f3n moldes de packaging para inyecci\u00f3n de pl\u00e1stico\",\"publisher\":{\"@id\":\"https:\\\/\\\/www.berzosamdi.com\\\/#organization\"},\"alternateName\":\"Berzosa Moldes de Inyecci\u00f3n\",\"potentialAction\":[{\"@type\":\"SearchAction\",\"target\":{\"@type\":\"EntryPoint\",\"urlTemplate\":\"https:\\\/\\\/www.berzosamdi.com\\\/?s={search_term_string}\"},\"query-input\":{\"@type\":\"PropertyValueSpecification\",\"valueRequired\":true,\"valueName\":\"search_term_string\"}}],\"inLanguage\":\"en-US\"},{\"@type\":\"Organization\",\"@id\":\"https:\\\/\\\/www.berzosamdi.com\\\/#organization\",\"name\":\"Berzosa Moldes de Inyecci\u00f3n\",\"url\":\"https:\\\/\\\/www.berzosamdi.com\\\/\",\"logo\":{\"@type\":\"ImageObject\",\"inLanguage\":\"en-US\",\"@id\":\"https:\\\/\\\/www.berzosamdi.com\\\/#\\\/schema\\\/logo\\\/image\\\/\",\"url\":\"https:\\\/\\\/www.berzosamdi.com\\\/wp-content\\\/uploads\\\/2023\\\/03\\\/cropped-LOGO-BERZOSA.png\",\"contentUrl\":\"https:\\\/\\\/www.berzosamdi.com\\\/wp-content\\\/uploads\\\/2023\\\/03\\\/cropped-LOGO-BERZOSA.png\",\"width\":242,\"height\":65,\"caption\":\"Berzosa Moldes de Inyecci\u00f3n\"},\"image\":{\"@id\":\"https:\\\/\\\/www.berzosamdi.com\\\/#\\\/schema\\\/logo\\\/image\\\/\"},\"sameAs\":[\"https:\\\/\\\/www.linkedin.com\\\/company\\\/berzosa-injection-molds-sl\\\/\"]}]}<\/script>\n<!-- \/ Yoast SEO plugin. -->","yoast_head_json":{"title":"Reparaci\u00f3n moldes - Berzosa Moldes de Inyecci\u00f3n","robots":{"index":"index","follow":"follow","max-snippet":"max-snippet:-1","max-image-preview":"max-image-preview:large","max-video-preview":"max-video-preview:-1"},"canonical":"https:\/\/www.berzosamdi.com\/en\/reparacion-moldes\/","og_locale":"en_US","og_type":"article","og_title":"Reparaci\u00f3n moldes - Berzosa Moldes de Inyecci\u00f3n","og_description":"Reparaci\u00f3n de Moldes Inicio\u00a0 \/ Servicios Para poder sacar el m\u00e1ximo rendimiento a un molde es muy importante realizar un\u00a0correcto mantenimiento y reparaci\u00f3n. Aplicamos toda nuestra experiencia para diagnosticar el problema y ofrecer una soluci\u00f3n de garant\u00edas. Para minimizar el paro en la producci\u00f3n de un molde ofrecemos unos\u00a0plazos de entrega muy cortos.","og_url":"https:\/\/www.berzosamdi.com\/en\/reparacion-moldes\/","og_site_name":"Berzosa Moldes de Inyecci\u00f3n","article_modified_time":"2023-03-20T15:05:49+00:00","og_image":[{"url":"https:\/\/www.berzosamdi.com\/wp-content\/uploads\/2023\/03\/reparacion-moldes-1024x683.jpg","type":"","width":"","height":""}],"twitter_card":"summary_large_image","twitter_misc":{"Est. reading time":"1 minute"},"schema":{"@context":"https:\/\/schema.org","@graph":[{"@type":"WebPage","@id":"https:\/\/www.berzosamdi.com\/reparacion-moldes\/","url":"https:\/\/www.berzosamdi.com\/reparacion-moldes\/","name":"Reparaci\u00f3n moldes - Berzosa Moldes de Inyecci\u00f3n","isPartOf":{"@id":"https:\/\/www.berzosamdi.com\/#website"},"primaryImageOfPage":{"@id":"https:\/\/www.berzosamdi.com\/reparacion-moldes\/#primaryimage"},"image":{"@id":"https:\/\/www.berzosamdi.com\/reparacion-moldes\/#primaryimage"},"thumbnailUrl":"https:\/\/www.berzosamdi.com\/wp-content\/uploads\/2023\/03\/reparacion-moldes-1024x683.jpg","datePublished":"2023-03-20T14:59:29+00:00","dateModified":"2023-03-20T15:05:49+00:00","breadcrumb":{"@id":"https:\/\/www.berzosamdi.com\/reparacion-moldes\/#breadcrumb"},"inLanguage":"en-US","potentialAction":[{"@type":"ReadAction","target":["https:\/\/www.berzosamdi.com\/reparacion-moldes\/"]}]},{"@type":"ImageObject","inLanguage":"en-US","@id":"https:\/\/www.berzosamdi.com\/reparacion-moldes\/#primaryimage","url":"https:\/\/www.berzosamdi.com\/wp-content\/uploads\/2023\/03\/reparacion-moldes-1024x683.jpg","contentUrl":"https:\/\/www.berzosamdi.com\/wp-content\/uploads\/2023\/03\/reparacion-moldes-1024x683.jpg"},{"@type":"BreadcrumbList","@id":"https:\/\/www.berzosamdi.com\/reparacion-moldes\/#breadcrumb","itemListElement":[{"@type":"ListItem","position":1,"name":"Portada","item":"https:\/\/www.berzosamdi.com\/"},{"@type":"ListItem","position":2,"name":"Reparaci\u00f3n moldes"}]},{"@type":"WebSite","@id":"https:\/\/www.berzosamdi.com\/#website","url":"https:\/\/www.berzosamdi.com\/","name":"Berzosa MDI","description":"En Berzosa Moldes de Inyecci\u00f3n somos expertos en fabricaci\u00f3n moldes de packaging para inyecci\u00f3n de pl\u00e1stico","publisher":{"@id":"https:\/\/www.berzosamdi.com\/#organization"},"alternateName":"Berzosa Moldes de Inyecci\u00f3n","potentialAction":[{"@type":"SearchAction","target":{"@type":"EntryPoint","urlTemplate":"https:\/\/www.berzosamdi.com\/?s={search_term_string}"},"query-input":{"@type":"PropertyValueSpecification","valueRequired":true,"valueName":"search_term_string"}}],"inLanguage":"en-US"},{"@type":"Organization","@id":"https:\/\/www.berzosamdi.com\/#organization","name":"Berzosa Injection Molds","url":"https:\/\/www.berzosamdi.com\/","logo":{"@type":"ImageObject","inLanguage":"en-US","@id":"https:\/\/www.berzosamdi.com\/#\/schema\/logo\/image\/","url":"https:\/\/www.berzosamdi.com\/wp-content\/uploads\/2023\/03\/cropped-LOGO-BERZOSA.png","contentUrl":"https:\/\/www.berzosamdi.com\/wp-content\/uploads\/2023\/03\/cropped-LOGO-BERZOSA.png","width":242,"height":65,"caption":"Berzosa Moldes de Inyecci\u00f3n"},"image":{"@id":"https:\/\/www.berzosamdi.com\/#\/schema\/logo\/image\/"},"sameAs":["https:\/\/www.linkedin.com\/company\/berzosa-injection-molds-sl\/"]}]}},"_links":{"self":[{"href":"https:\/\/www.berzosamdi.com\/en\/wp-json\/wp\/v2\/pages\/173","targetHints":{"allow":["GET"]}}],"collection":[{"href":"https:\/\/www.berzosamdi.com\/en\/wp-json\/wp\/v2\/pages"}],"about":[{"href":"https:\/\/www.berzosamdi.com\/en\/wp-json\/wp\/v2\/types\/page"}],"author":[{"embeddable":true,"href":"https:\/\/www.berzosamdi.com\/en\/wp-json\/wp\/v2\/users\/1"}],"replies":[{"embeddable":true,"href":"https:\/\/www.berzosamdi.com\/en\/wp-json\/wp\/v2\/comments?post=173"}],"version-history":[{"count":10,"href":"https:\/\/www.berzosamdi.com\/en\/wp-json\/wp\/v2\/pages\/173\/revisions"}],"predecessor-version":[{"id":185,"href":"https:\/\/www.berzosamdi.com\/en\/wp-json\/wp\/v2\/pages\/173\/revisions\/185"}],"wp:attachment":[{"href":"https:\/\/www.berzosamdi.com\/en\/wp-json\/wp\/v2\/media?parent=173"}],"curies":[{"name":"wp","href":"https:\/\/api.w.org\/{rel}","templated":true}]}}