{"id":204,"date":"2023-03-20T15:26:43","date_gmt":"2023-03-20T15:26:43","guid":{"rendered":"https:\/\/www.berzosamdi.com\/?page_id=204"},"modified":"2023-03-20T16:21:46","modified_gmt":"2023-03-20T16:21:46","slug":"fabricacion-equipos-iml","status":"publish","type":"page","link":"https:\/\/www.berzosamdi.com\/en\/fabricacion-equipos-iml\/","title":{"rendered":"Manufacture of IML equipment"},"content":{"rendered":"<div data-elementor-type=\"wp-page\" data-elementor-id=\"204\" class=\"elementor elementor-204\" data-elementor-post-type=\"page\">\n\t\t\t\t\t\t<section class=\"elementor-section elementor-top-section elementor-element elementor-element-54101c6 elementor-section-boxed elementor-section-height-default elementor-section-height-default\" data-id=\"54101c6\" data-element_type=\"section\" data-e-type=\"section\" data-settings=\"{&quot;background_background&quot;:&quot;classic&quot;}\">\n\t\t\t\t\t\t<div class=\"elementor-container elementor-column-gap-default\">\n\t\t\t\t\t<div class=\"elementor-column elementor-col-100 elementor-top-column elementor-element elementor-element-3a22823\" data-id=\"3a22823\" data-element_type=\"column\" data-e-type=\"column\">\n\t\t\t<div class=\"elementor-widget-wrap elementor-element-populated\">\n\t\t\t\t\t\t<div class=\"elementor-element elementor-element-467b044 elementor-widget elementor-widget-heading\" data-id=\"467b044\" data-element_type=\"widget\" data-e-type=\"widget\" data-widget_type=\"heading.default\">\n\t\t\t\t<div class=\"elementor-widget-container\">\n\t\t\t\t\t<h1 class=\"elementor-heading-title elementor-size-default\">Manufacture of IML equipment<\/h1>\t\t\t\t<\/div>\n\t\t\t\t<\/div>\n\t\t\t\t\t<\/div>\n\t\t<\/div>\n\t\t\t\t\t<\/div>\n\t\t<\/section>\n\t\t\t\t<section class=\"elementor-section elementor-top-section elementor-element elementor-element-b50e1b5 elementor-section-boxed elementor-section-height-default elementor-section-height-default\" data-id=\"b50e1b5\" data-element_type=\"section\" data-e-type=\"section\" data-settings=\"{&quot;background_background&quot;:&quot;classic&quot;}\">\n\t\t\t\t\t\t<div class=\"elementor-container elementor-column-gap-default\">\n\t\t\t\t\t<div class=\"elementor-column elementor-col-100 elementor-top-column elementor-element elementor-element-58ae816\" data-id=\"58ae816\" data-element_type=\"column\" data-e-type=\"column\">\n\t\t\t<div class=\"elementor-widget-wrap elementor-element-populated\">\n\t\t\t\t\t\t<div class=\"elementor-element elementor-element-abaabe8 elementor-widget elementor-widget-text-editor\" data-id=\"abaabe8\" data-element_type=\"widget\" data-e-type=\"widget\" data-widget_type=\"text-editor.default\">\n\t\t\t\t<div class=\"elementor-widget-container\">\n\t\t\t\t\t\t\t\t\t<p><a href=\"https:\/\/www.berzosamdi.com\/en\/\"><span style=\"color: #14b0e6; text-decoration: none;\">Home\u00a0<\/span><\/a> \/ <span style=\"color: #14b0e6;\"><a style=\"color: #14b0e6;\" href=\"\/en\/servicios\/\">Services<\/a><\/span><\/p>\t\t\t\t\t\t\t\t<\/div>\n\t\t\t\t<\/div>\n\t\t\t\t\t<\/div>\n\t\t<\/div>\n\t\t\t\t\t<\/div>\n\t\t<\/section>\n\t\t\t\t<section class=\"elementor-section elementor-top-section elementor-element elementor-element-9bd2dad elementor-section-boxed elementor-section-height-default elementor-section-height-default\" data-id=\"9bd2dad\" data-element_type=\"section\" data-e-type=\"section\">\n\t\t\t\t\t\t<div class=\"elementor-container elementor-column-gap-default\">\n\t\t\t\t\t<div class=\"elementor-column elementor-col-100 elementor-top-column elementor-element elementor-element-2035f82\" data-id=\"2035f82\" data-element_type=\"column\" data-e-type=\"column\">\n\t\t\t<div class=\"elementor-widget-wrap elementor-element-populated\">\n\t\t\t\t\t\t<div class=\"elementor-element elementor-element-6694917 elementor-widget elementor-widget-text-editor\" data-id=\"6694917\" data-element_type=\"widget\" data-e-type=\"widget\" data-widget_type=\"text-editor.default\">\n\t\t\t\t<div class=\"elementor-widget-container\">\n\t\t\t\t\t\t\t\t\t<p>We manufacture IML equipment so that we can provide our customers with a complete one-stop shop solution. We adapt to our customers\u2019 requirements in order to offer them a tailor-made product. We manufacture the following equipment:<\/p><ul><li style=\"list-style-type: none;\"><ul><li>Label insertion and part removal handling units<\/li><li>Special handling units<\/li><li>Label manipulators<\/li><li>Label banks<\/li><\/ul><\/li><\/ul><p>\u00a0<\/p>\t\t\t\t\t\t\t\t<\/div>\n\t\t\t\t<\/div>\n\t\t\t\t<div class=\"elementor-element elementor-element-c79f9eb elementor-arrows-position-inside elementor-pagination-position-outside elementor-widget elementor-widget-image-carousel\" data-id=\"c79f9eb\" data-element_type=\"widget\" data-e-type=\"widget\" data-settings=\"{&quot;slides_to_show&quot;:&quot;1&quot;,&quot;navigation&quot;:&quot;both&quot;,&quot;autoplay&quot;:&quot;yes&quot;,&quot;pause_on_hover&quot;:&quot;yes&quot;,&quot;pause_on_interaction&quot;:&quot;yes&quot;,&quot;autoplay_speed&quot;:5000,&quot;infinite&quot;:&quot;yes&quot;,&quot;effect&quot;:&quot;slide&quot;,&quot;speed&quot;:500}\" data-widget_type=\"image-carousel.default\">\n\t\t\t\t<div class=\"elementor-widget-container\">\n\t\t\t\t\t\t\t<div class=\"elementor-image-carousel-wrapper swiper\" role=\"region\" aria-roledescription=\"carousel\" aria-label=\"Carrusel de im\u00e1genes\" dir=\"ltr\">\n\t\t\t<div class=\"elementor-image-carousel swiper-wrapper\" aria-live=\"off\">\n\t\t\t\t\t\t\t\t<div class=\"swiper-slide\" role=\"group\" aria-roledescription=\"slide\" aria-label=\"1 de 4\"><figure class=\"swiper-slide-inner\"><img decoding=\"async\" class=\"swiper-slide-image\" src=\"https:\/\/www.berzosamdi.com\/wp-content\/uploads\/2023\/03\/fabricacion-equipos-IML-1.jpg\" alt=\"fabricacion-equipos-IML-1\" \/><\/figure><\/div><div class=\"swiper-slide\" role=\"group\" aria-roledescription=\"slide\" aria-label=\"2 de 4\"><figure class=\"swiper-slide-inner\"><img decoding=\"async\" class=\"swiper-slide-image\" src=\"https:\/\/www.berzosamdi.com\/wp-content\/uploads\/2023\/03\/fabricacion-equipos-IML-2.jpg\" alt=\"fabricacion-equipos-IML-2\" \/><\/figure><\/div><div class=\"swiper-slide\" role=\"group\" aria-roledescription=\"slide\" aria-label=\"3 de 4\"><figure class=\"swiper-slide-inner\"><img decoding=\"async\" class=\"swiper-slide-image\" src=\"https:\/\/www.berzosamdi.com\/wp-content\/uploads\/2023\/03\/fabricacion-equipos-IML-3.jpg\" alt=\"fabricacion-equipos-IML-3\" \/><\/figure><\/div><div class=\"swiper-slide\" role=\"group\" aria-roledescription=\"slide\" aria-label=\"4 de 4\"><figure class=\"swiper-slide-inner\"><img decoding=\"async\" class=\"swiper-slide-image\" src=\"https:\/\/www.berzosamdi.com\/wp-content\/uploads\/2023\/03\/fabricacion-equipos-IML-4.jpg\" alt=\"fabricacion-equipos-IML-4\" \/><\/figure><\/div>\t\t\t<\/div>\n\t\t\t\t\t\t\t\t\t\t\t\t<div class=\"elementor-swiper-button elementor-swiper-button-prev\" role=\"button\" tabindex=\"0\">\n\t\t\t\t\t\t<i aria-hidden=\"true\" class=\"eicon-chevron-left\"><\/i>\t\t\t\t\t<\/div>\n\t\t\t\t\t<div class=\"elementor-swiper-button elementor-swiper-button-next\" role=\"button\" tabindex=\"0\">\n\t\t\t\t\t\t<i aria-hidden=\"true\" class=\"eicon-chevron-right\"><\/i>\t\t\t\t\t<\/div>\n\t\t\t\t\n\t\t\t\t\t\t\t\t\t<div class=\"swiper-pagination\"><\/div>\n\t\t\t\t\t\t\t\t\t<\/div>\n\t\t\t\t\t\t<\/div>\n\t\t\t\t<\/div>\n\t\t\t\t\t<\/div>\n\t\t<\/div>\n\t\t\t\t\t<\/div>\n\t\t<\/section>\n\t\t\t\t<\/div>","protected":false},"excerpt":{"rendered":"<p>Fabricaci\u00f3n de equipos IML Inicio\u00a0 \/ Servicios Ofrecemos el servicio de fabricaci\u00f3n de equipos IML para dar la soluci\u00f3n completa a nuestros clientes con un \u00fanico proveedor. Nos adaptamos a los requerimientos de nuestros clientes para poder ofrecer un producto hecho a medida. Fabricamos los siguientes equipos: Manos de introducci\u00f3n de etiqueta y extracci\u00f3n de [&hellip;]<\/p>\n","protected":false},"author":1,"featured_media":0,"parent":0,"menu_order":0,"comment_status":"closed","ping_status":"closed","template":"","meta":{"site-sidebar-layout":"no-sidebar","site-content-layout":"page-builder","ast-site-content-layout":"default","site-content-style":"default","site-sidebar-style":"default","ast-global-header-display":"","ast-banner-title-visibility":"","ast-main-header-display":"","ast-hfb-above-header-display":"","ast-hfb-below-header-display":"","ast-hfb-mobile-header-display":"","site-post-title":"disabled","ast-breadcrumbs-content":"","ast-featured-img":"disabled","footer-sml-layout":"","ast-disable-related-posts":"","theme-transparent-header-meta":"","adv-header-id-meta":"","stick-header-meta":"","header-above-stick-meta":"","header-main-stick-meta":"","header-below-stick-meta":"","astra-migrate-meta-layouts":"default","ast-page-background-enabled":"default","ast-page-background-meta":{"desktop":{"background-color":"var(--ast-global-color-4)","background-image":"","background-repeat":"repeat","background-position":"center center","background-size":"auto","background-attachment":"scroll","background-type":"","background-media":"","overlay-type":"","overlay-color":"","overlay-opacity":"","overlay-gradient":""},"tablet":{"background-color":"","background-image":"","background-repeat":"repeat","background-position":"center center","background-size":"auto","background-attachment":"scroll","background-type":"","background-media":"","overlay-type":"","overlay-color":"","overlay-opacity":"","overlay-gradient":""},"mobile":{"background-color":"","background-image":"","background-repeat":"repeat","background-position":"center center","background-size":"auto","background-attachment":"scroll","background-type":"","background-media":"","overlay-type":"","overlay-color":"","overlay-opacity":"","overlay-gradient":""}},"ast-content-background-meta":{"desktop":{"background-color":"var(--ast-global-color-5)","background-image":"","background-repeat":"repeat","background-position":"center center","background-size":"auto","background-attachment":"scroll","background-type":"","background-media":"","overlay-type":"","overlay-color":"","overlay-opacity":"","overlay-gradient":""},"tablet":{"background-color":"var(--ast-global-color-5)","background-image":"","background-repeat":"repeat","background-position":"center center","background-size":"auto","background-attachment":"scroll","background-type":"","background-media":"","overlay-type":"","overlay-color":"","overlay-opacity":"","overlay-gradient":""},"mobile":{"background-color":"var(--ast-global-color-5)","background-image":"","background-repeat":"repeat","background-position":"center center","background-size":"auto","background-attachment":"scroll","background-type":"","background-media":"","overlay-type":"","overlay-color":"","overlay-opacity":"","overlay-gradient":""}},"footnotes":""},"class_list":["post-204","page","type-page","status-publish","hentry"],"yoast_head":"<!-- This site is optimized with the Yoast SEO plugin v27.3 - https:\/\/yoast.com\/product\/yoast-seo-wordpress\/ -->\n<title>Fabricacion equipos iml - Berzosa Moldes de Inyecci\u00f3n<\/title>\n<meta name=\"robots\" content=\"index, follow, max-snippet:-1, max-image-preview:large, max-video-preview:-1\" \/>\n<link rel=\"canonical\" href=\"https:\/\/www.berzosamdi.com\/en\/fabricacion-equipos-iml\/\" \/>\n<meta property=\"og:locale\" content=\"en_US\" \/>\n<meta property=\"og:type\" content=\"article\" \/>\n<meta property=\"og:title\" content=\"Fabricacion equipos iml - Berzosa Moldes de Inyecci\u00f3n\" \/>\n<meta property=\"og:description\" content=\"Fabricaci\u00f3n de equipos IML Inicio\u00a0 \/ Servicios Ofrecemos el servicio de fabricaci\u00f3n de equipos IML para dar la soluci\u00f3n completa a nuestros clientes con un \u00fanico proveedor. Nos adaptamos a los requerimientos de nuestros clientes para poder ofrecer un producto hecho a medida. Fabricamos los siguientes equipos: Manos de introducci\u00f3n de etiqueta y extracci\u00f3n de [&hellip;]\" \/>\n<meta property=\"og:url\" content=\"https:\/\/www.berzosamdi.com\/en\/fabricacion-equipos-iml\/\" \/>\n<meta property=\"og:site_name\" content=\"Berzosa Moldes de Inyecci\u00f3n\" \/>\n<meta property=\"article:modified_time\" content=\"2023-03-20T16:21:46+00:00\" \/>\n<meta property=\"og:image\" content=\"https:\/\/www.berzosamdi.com\/wp-content\/uploads\/2023\/03\/fabricacion-equipos-IML-1.jpg\" \/>\n<meta name=\"twitter:card\" content=\"summary_large_image\" \/>\n<meta name=\"twitter:label1\" content=\"Est. reading time\" \/>\n\t<meta name=\"twitter:data1\" content=\"2 minutes\" \/>\n<script type=\"application\/ld+json\" class=\"yoast-schema-graph\">{\"@context\":\"https:\\\/\\\/schema.org\",\"@graph\":[{\"@type\":\"WebPage\",\"@id\":\"https:\\\/\\\/www.berzosamdi.com\\\/fabricacion-equipos-iml\\\/\",\"url\":\"https:\\\/\\\/www.berzosamdi.com\\\/fabricacion-equipos-iml\\\/\",\"name\":\"Fabricacion equipos iml - Berzosa Moldes de Inyecci\u00f3n\",\"isPartOf\":{\"@id\":\"https:\\\/\\\/www.berzosamdi.com\\\/#website\"},\"primaryImageOfPage\":{\"@id\":\"https:\\\/\\\/www.berzosamdi.com\\\/fabricacion-equipos-iml\\\/#primaryimage\"},\"image\":{\"@id\":\"https:\\\/\\\/www.berzosamdi.com\\\/fabricacion-equipos-iml\\\/#primaryimage\"},\"thumbnailUrl\":\"https:\\\/\\\/www.berzosamdi.com\\\/wp-content\\\/uploads\\\/2023\\\/03\\\/fabricacion-equipos-IML-1.jpg\",\"datePublished\":\"2023-03-20T15:26:43+00:00\",\"dateModified\":\"2023-03-20T16:21:46+00:00\",\"breadcrumb\":{\"@id\":\"https:\\\/\\\/www.berzosamdi.com\\\/fabricacion-equipos-iml\\\/#breadcrumb\"},\"inLanguage\":\"en-US\",\"potentialAction\":[{\"@type\":\"ReadAction\",\"target\":[\"https:\\\/\\\/www.berzosamdi.com\\\/fabricacion-equipos-iml\\\/\"]}]},{\"@type\":\"ImageObject\",\"inLanguage\":\"en-US\",\"@id\":\"https:\\\/\\\/www.berzosamdi.com\\\/fabricacion-equipos-iml\\\/#primaryimage\",\"url\":\"https:\\\/\\\/www.berzosamdi.com\\\/wp-content\\\/uploads\\\/2023\\\/03\\\/fabricacion-equipos-IML-1.jpg\",\"contentUrl\":\"https:\\\/\\\/www.berzosamdi.com\\\/wp-content\\\/uploads\\\/2023\\\/03\\\/fabricacion-equipos-IML-1.jpg\"},{\"@type\":\"BreadcrumbList\",\"@id\":\"https:\\\/\\\/www.berzosamdi.com\\\/fabricacion-equipos-iml\\\/#breadcrumb\",\"itemListElement\":[{\"@type\":\"ListItem\",\"position\":1,\"name\":\"Portada\",\"item\":\"https:\\\/\\\/www.berzosamdi.com\\\/\"},{\"@type\":\"ListItem\",\"position\":2,\"name\":\"Fabricacion equipos iml\"}]},{\"@type\":\"WebSite\",\"@id\":\"https:\\\/\\\/www.berzosamdi.com\\\/#website\",\"url\":\"https:\\\/\\\/www.berzosamdi.com\\\/\",\"name\":\"Berzosa MDI\",\"description\":\"En Berzosa Moldes de Inyecci\u00f3n somos expertos en fabricaci\u00f3n moldes de packaging para inyecci\u00f3n de pl\u00e1stico\",\"publisher\":{\"@id\":\"https:\\\/\\\/www.berzosamdi.com\\\/#organization\"},\"alternateName\":\"Berzosa Moldes de Inyecci\u00f3n\",\"potentialAction\":[{\"@type\":\"SearchAction\",\"target\":{\"@type\":\"EntryPoint\",\"urlTemplate\":\"https:\\\/\\\/www.berzosamdi.com\\\/?s={search_term_string}\"},\"query-input\":{\"@type\":\"PropertyValueSpecification\",\"valueRequired\":true,\"valueName\":\"search_term_string\"}}],\"inLanguage\":\"en-US\"},{\"@type\":\"Organization\",\"@id\":\"https:\\\/\\\/www.berzosamdi.com\\\/#organization\",\"name\":\"Berzosa Moldes de Inyecci\u00f3n\",\"url\":\"https:\\\/\\\/www.berzosamdi.com\\\/\",\"logo\":{\"@type\":\"ImageObject\",\"inLanguage\":\"en-US\",\"@id\":\"https:\\\/\\\/www.berzosamdi.com\\\/#\\\/schema\\\/logo\\\/image\\\/\",\"url\":\"https:\\\/\\\/www.berzosamdi.com\\\/wp-content\\\/uploads\\\/2023\\\/03\\\/cropped-LOGO-BERZOSA.png\",\"contentUrl\":\"https:\\\/\\\/www.berzosamdi.com\\\/wp-content\\\/uploads\\\/2023\\\/03\\\/cropped-LOGO-BERZOSA.png\",\"width\":242,\"height\":65,\"caption\":\"Berzosa Moldes de Inyecci\u00f3n\"},\"image\":{\"@id\":\"https:\\\/\\\/www.berzosamdi.com\\\/#\\\/schema\\\/logo\\\/image\\\/\"},\"sameAs\":[\"https:\\\/\\\/www.linkedin.com\\\/company\\\/berzosa-injection-molds-sl\\\/\"]}]}<\/script>\n<!-- \/ Yoast SEO plugin. -->","yoast_head_json":{"title":"Fabricacion equipos iml - Berzosa Moldes de Inyecci\u00f3n","robots":{"index":"index","follow":"follow","max-snippet":"max-snippet:-1","max-image-preview":"max-image-preview:large","max-video-preview":"max-video-preview:-1"},"canonical":"https:\/\/www.berzosamdi.com\/en\/fabricacion-equipos-iml\/","og_locale":"en_US","og_type":"article","og_title":"Fabricacion equipos iml - Berzosa Moldes de Inyecci\u00f3n","og_description":"Fabricaci\u00f3n de equipos IML Inicio\u00a0 \/ Servicios Ofrecemos el servicio de fabricaci\u00f3n de equipos IML para dar la soluci\u00f3n completa a nuestros clientes con un \u00fanico proveedor. Nos adaptamos a los requerimientos de nuestros clientes para poder ofrecer un producto hecho a medida. Fabricamos los siguientes equipos: Manos de introducci\u00f3n de etiqueta y extracci\u00f3n de [&hellip;]","og_url":"https:\/\/www.berzosamdi.com\/en\/fabricacion-equipos-iml\/","og_site_name":"Berzosa Moldes de Inyecci\u00f3n","article_modified_time":"2023-03-20T16:21:46+00:00","og_image":[{"url":"https:\/\/www.berzosamdi.com\/wp-content\/uploads\/2023\/03\/fabricacion-equipos-IML-1.jpg","type":"","width":"","height":""}],"twitter_card":"summary_large_image","twitter_misc":{"Est. reading time":"2 minutes"},"schema":{"@context":"https:\/\/schema.org","@graph":[{"@type":"WebPage","@id":"https:\/\/www.berzosamdi.com\/fabricacion-equipos-iml\/","url":"https:\/\/www.berzosamdi.com\/fabricacion-equipos-iml\/","name":"Fabricacion equipos iml - Berzosa Moldes de Inyecci\u00f3n","isPartOf":{"@id":"https:\/\/www.berzosamdi.com\/#website"},"primaryImageOfPage":{"@id":"https:\/\/www.berzosamdi.com\/fabricacion-equipos-iml\/#primaryimage"},"image":{"@id":"https:\/\/www.berzosamdi.com\/fabricacion-equipos-iml\/#primaryimage"},"thumbnailUrl":"https:\/\/www.berzosamdi.com\/wp-content\/uploads\/2023\/03\/fabricacion-equipos-IML-1.jpg","datePublished":"2023-03-20T15:26:43+00:00","dateModified":"2023-03-20T16:21:46+00:00","breadcrumb":{"@id":"https:\/\/www.berzosamdi.com\/fabricacion-equipos-iml\/#breadcrumb"},"inLanguage":"en-US","potentialAction":[{"@type":"ReadAction","target":["https:\/\/www.berzosamdi.com\/fabricacion-equipos-iml\/"]}]},{"@type":"ImageObject","inLanguage":"en-US","@id":"https:\/\/www.berzosamdi.com\/fabricacion-equipos-iml\/#primaryimage","url":"https:\/\/www.berzosamdi.com\/wp-content\/uploads\/2023\/03\/fabricacion-equipos-IML-1.jpg","contentUrl":"https:\/\/www.berzosamdi.com\/wp-content\/uploads\/2023\/03\/fabricacion-equipos-IML-1.jpg"},{"@type":"BreadcrumbList","@id":"https:\/\/www.berzosamdi.com\/fabricacion-equipos-iml\/#breadcrumb","itemListElement":[{"@type":"ListItem","position":1,"name":"Portada","item":"https:\/\/www.berzosamdi.com\/"},{"@type":"ListItem","position":2,"name":"Fabricacion equipos iml"}]},{"@type":"WebSite","@id":"https:\/\/www.berzosamdi.com\/#website","url":"https:\/\/www.berzosamdi.com\/","name":"Berzosa MDI","description":"En Berzosa Moldes de Inyecci\u00f3n somos expertos en fabricaci\u00f3n moldes de packaging para inyecci\u00f3n de pl\u00e1stico","publisher":{"@id":"https:\/\/www.berzosamdi.com\/#organization"},"alternateName":"Berzosa Moldes de Inyecci\u00f3n","potentialAction":[{"@type":"SearchAction","target":{"@type":"EntryPoint","urlTemplate":"https:\/\/www.berzosamdi.com\/?s={search_term_string}"},"query-input":{"@type":"PropertyValueSpecification","valueRequired":true,"valueName":"search_term_string"}}],"inLanguage":"en-US"},{"@type":"Organization","@id":"https:\/\/www.berzosamdi.com\/#organization","name":"Berzosa Injection Molds","url":"https:\/\/www.berzosamdi.com\/","logo":{"@type":"ImageObject","inLanguage":"en-US","@id":"https:\/\/www.berzosamdi.com\/#\/schema\/logo\/image\/","url":"https:\/\/www.berzosamdi.com\/wp-content\/uploads\/2023\/03\/cropped-LOGO-BERZOSA.png","contentUrl":"https:\/\/www.berzosamdi.com\/wp-content\/uploads\/2023\/03\/cropped-LOGO-BERZOSA.png","width":242,"height":65,"caption":"Berzosa Moldes de Inyecci\u00f3n"},"image":{"@id":"https:\/\/www.berzosamdi.com\/#\/schema\/logo\/image\/"},"sameAs":["https:\/\/www.linkedin.com\/company\/berzosa-injection-molds-sl\/"]}]}},"_links":{"self":[{"href":"https:\/\/www.berzosamdi.com\/en\/wp-json\/wp\/v2\/pages\/204","targetHints":{"allow":["GET"]}}],"collection":[{"href":"https:\/\/www.berzosamdi.com\/en\/wp-json\/wp\/v2\/pages"}],"about":[{"href":"https:\/\/www.berzosamdi.com\/en\/wp-json\/wp\/v2\/types\/page"}],"author":[{"embeddable":true,"href":"https:\/\/www.berzosamdi.com\/en\/wp-json\/wp\/v2\/users\/1"}],"replies":[{"embeddable":true,"href":"https:\/\/www.berzosamdi.com\/en\/wp-json\/wp\/v2\/comments?post=204"}],"version-history":[{"count":10,"href":"https:\/\/www.berzosamdi.com\/en\/wp-json\/wp\/v2\/pages\/204\/revisions"}],"predecessor-version":[{"id":293,"href":"https:\/\/www.berzosamdi.com\/en\/wp-json\/wp\/v2\/pages\/204\/revisions\/293"}],"wp:attachment":[{"href":"https:\/\/www.berzosamdi.com\/en\/wp-json\/wp\/v2\/media?parent=204"}],"curies":[{"name":"wp","href":"https:\/\/api.w.org\/{rel}","templated":true}]}}