{"id":217,"date":"2023-03-20T15:30:18","date_gmt":"2023-03-20T15:30:18","guid":{"rendered":"https:\/\/www.berzosamdi.com\/?page_id=217"},"modified":"2023-03-20T15:39:58","modified_gmt":"2023-03-20T15:39:58","slug":"proyectos","status":"publish","type":"page","link":"https:\/\/www.berzosamdi.com\/en\/proyectos\/","title":{"rendered":"Projects"},"content":{"rendered":"<div data-elementor-type=\"wp-page\" data-elementor-id=\"217\" class=\"elementor elementor-217\" data-elementor-post-type=\"page\">\n\t\t\t\t\t\t<section class=\"elementor-section elementor-top-section elementor-element elementor-element-755c3f8 elementor-section-boxed elementor-section-height-default elementor-section-height-default\" data-id=\"755c3f8\" data-element_type=\"section\" data-e-type=\"section\" data-settings=\"{&quot;background_background&quot;:&quot;classic&quot;}\">\n\t\t\t\t\t\t<div class=\"elementor-container elementor-column-gap-default\">\n\t\t\t\t\t<div class=\"elementor-column elementor-col-100 elementor-top-column elementor-element elementor-element-6d92826\" data-id=\"6d92826\" data-element_type=\"column\" data-e-type=\"column\">\n\t\t\t<div class=\"elementor-widget-wrap elementor-element-populated\">\n\t\t\t\t\t\t<div class=\"elementor-element elementor-element-74fccd5 elementor-widget elementor-widget-heading\" data-id=\"74fccd5\" data-element_type=\"widget\" data-e-type=\"widget\" data-widget_type=\"heading.default\">\n\t\t\t\t<div class=\"elementor-widget-container\">\n\t\t\t\t\t<h1 class=\"elementor-heading-title elementor-size-default\">Projects<\/h1>\t\t\t\t<\/div>\n\t\t\t\t<\/div>\n\t\t\t\t\t<\/div>\n\t\t<\/div>\n\t\t\t\t\t<\/div>\n\t\t<\/section>\n\t\t\t\t<section class=\"elementor-section elementor-top-section elementor-element elementor-element-a1ae5de elementor-section-boxed elementor-section-height-default elementor-section-height-default\" data-id=\"a1ae5de\" data-element_type=\"section\" data-e-type=\"section\" data-settings=\"{&quot;background_background&quot;:&quot;classic&quot;}\">\n\t\t\t\t\t\t<div class=\"elementor-container elementor-column-gap-default\">\n\t\t\t\t\t<div class=\"elementor-column elementor-col-100 elementor-top-column elementor-element elementor-element-8405820\" data-id=\"8405820\" data-element_type=\"column\" data-e-type=\"column\">\n\t\t\t<div class=\"elementor-widget-wrap elementor-element-populated\">\n\t\t\t\t\t\t<div class=\"elementor-element elementor-element-c60fddc elementor-widget elementor-widget-text-editor\" data-id=\"c60fddc\" data-element_type=\"widget\" data-e-type=\"widget\" data-widget_type=\"text-editor.default\">\n\t\t\t\t<div class=\"elementor-widget-container\">\n\t\t\t\t\t\t\t\t\t<p><a href=\"https:\/\/www.berzosamdi.com\/en\/\"><span style=\"color: #14b0e6; text-decoration: none;\">Home\u00a0<\/span><\/a> \/ <span style=\"color: #14b0e6;\"><a style=\"color: #14b0e6;\" href=\"\/en\/servicios\/\">Services<\/a><\/span><\/p>\t\t\t\t\t\t\t\t<\/div>\n\t\t\t\t<\/div>\n\t\t\t\t\t<\/div>\n\t\t<\/div>\n\t\t\t\t\t<\/div>\n\t\t<\/section>\n\t\t\t\t<section class=\"elementor-section elementor-top-section elementor-element elementor-element-2956e2d elementor-section-boxed elementor-section-height-default elementor-section-height-default\" data-id=\"2956e2d\" data-element_type=\"section\" data-e-type=\"section\">\n\t\t\t\t\t\t<div class=\"elementor-container elementor-column-gap-wide\">\n\t\t\t\t\t<div class=\"elementor-column elementor-col-50 elementor-top-column elementor-element elementor-element-049c75d\" data-id=\"049c75d\" data-element_type=\"column\" data-e-type=\"column\">\n\t\t\t<div class=\"elementor-widget-wrap elementor-element-populated\">\n\t\t\t\t\t\t<div class=\"elementor-element elementor-element-94a56e2 elementor-widget elementor-widget-image\" data-id=\"94a56e2\" data-element_type=\"widget\" data-e-type=\"widget\" data-widget_type=\"image.default\">\n\t\t\t\t<div class=\"elementor-widget-container\">\n\t\t\t\t\t\t\t\t\t\t\t\t\t\t\t<img fetchpriority=\"high\" decoding=\"async\" width=\"654\" height=\"450\" src=\"https:\/\/www.berzosamdi.com\/wp-content\/uploads\/2023\/03\/foto-berzosa-proyecto3d.jpg\" class=\"attachment-large size-large wp-image-219\" alt=\"\" srcset=\"https:\/\/www.berzosamdi.com\/wp-content\/uploads\/2023\/03\/foto-berzosa-proyecto3d.jpg 654w, https:\/\/www.berzosamdi.com\/wp-content\/uploads\/2023\/03\/foto-berzosa-proyecto3d-300x206.jpg 300w\" sizes=\"(max-width: 654px) 100vw, 654px\" \/>\t\t\t\t\t\t\t\t\t\t\t\t\t\t\t<\/div>\n\t\t\t\t<\/div>\n\t\t\t\t\t<\/div>\n\t\t<\/div>\n\t\t\t\t<div class=\"elementor-column elementor-col-50 elementor-top-column elementor-element elementor-element-38ec536\" data-id=\"38ec536\" data-element_type=\"column\" data-e-type=\"column\">\n\t\t\t<div class=\"elementor-widget-wrap elementor-element-populated\">\n\t\t\t\t\t\t<div class=\"elementor-element elementor-element-795a336 elementor-widget elementor-widget-heading\" data-id=\"795a336\" data-element_type=\"widget\" data-e-type=\"widget\" data-widget_type=\"heading.default\">\n\t\t\t\t<div class=\"elementor-widget-container\">\n\t\t\t\t\t<h2 class=\"elementor-heading-title elementor-size-default\">ROBOT@3DP<\/h2>\t\t\t\t<\/div>\n\t\t\t\t<\/div>\n\t\t\t\t<div class=\"elementor-element elementor-element-1cd96a2 elementor-widget elementor-widget-text-editor\" data-id=\"1cd96a2\" data-element_type=\"widget\" data-e-type=\"widget\" data-widget_type=\"text-editor.default\">\n\t\t\t\t<div class=\"elementor-widget-container\">\n\t\t\t\t\t\t\t\t\t<h3><strong>New training resources for the change of the industrial paradigm.<\/strong><\/h3><p>This project aims to integrate Aditive Manufacturing and 3D printers with Mechatronics as a perfect complement to students to acquire knowledge that position them, in emerging industry 4.0 concepts.<\/p><p>Bringing together eight qualified partners in various fields that will provide their expert visi\u00f3n.<\/p>\t\t\t\t\t\t\t\t<\/div>\n\t\t\t\t<\/div>\n\t\t\t\t<div class=\"elementor-element elementor-element-7f64f0b elementor-widget elementor-widget-button\" data-id=\"7f64f0b\" data-element_type=\"widget\" data-e-type=\"widget\" data-widget_type=\"button.default\">\n\t\t\t\t<div class=\"elementor-widget-container\">\n\t\t\t\t\t\t\t\t\t<div class=\"elementor-button-wrapper\">\n\t\t\t\t\t<a class=\"elementor-button elementor-button-link elementor-size-sm\" href=\"http:\/\/www.robot3dp.eu\/\" target=\"_blank\">\n\t\t\t\t\t\t<span class=\"elementor-button-content-wrapper\">\n\t\t\t\t\t\t\t\t\t<span class=\"elementor-button-text\">VISIT PROJECT WEBSITE<\/span>\n\t\t\t\t\t<\/span>\n\t\t\t\t\t<\/a>\n\t\t\t\t<\/div>\n\t\t\t\t\t\t\t\t<\/div>\n\t\t\t\t<\/div>\n\t\t\t\t\t<\/div>\n\t\t<\/div>\n\t\t\t\t\t<\/div>\n\t\t<\/section>\n\t\t\t\t<section class=\"elementor-section elementor-top-section elementor-element elementor-element-03f1bb9 elementor-section-boxed elementor-section-height-default elementor-section-height-default\" data-id=\"03f1bb9\" data-element_type=\"section\" data-e-type=\"section\">\n\t\t\t\t\t\t<div class=\"elementor-container elementor-column-gap-default\">\n\t\t\t\t\t<div class=\"elementor-column elementor-col-100 elementor-top-column elementor-element elementor-element-21c9935\" data-id=\"21c9935\" data-element_type=\"column\" data-e-type=\"column\">\n\t\t\t<div class=\"elementor-widget-wrap elementor-element-populated\">\n\t\t\t\t\t\t<div class=\"elementor-element elementor-element-a0cf789 elementor-widget elementor-widget-image\" data-id=\"a0cf789\" data-element_type=\"widget\" data-e-type=\"widget\" data-widget_type=\"image.default\">\n\t\t\t\t<div class=\"elementor-widget-container\">\n\t\t\t\t\t\t\t\t\t\t\t\t\t\t\t<img decoding=\"async\" width=\"300\" height=\"286\" src=\"https:\/\/www.berzosamdi.com\/wp-content\/uploads\/2023\/03\/Logo-ROBOT@3DP-300x286.png\" class=\"attachment-medium size-medium wp-image-227\" alt=\"\" srcset=\"https:\/\/www.berzosamdi.com\/wp-content\/uploads\/2023\/03\/Logo-ROBOT@3DP-300x286.png 300w, https:\/\/www.berzosamdi.com\/wp-content\/uploads\/2023\/03\/Logo-ROBOT@3DP-1024x975.png 1024w, https:\/\/www.berzosamdi.com\/wp-content\/uploads\/2023\/03\/Logo-ROBOT@3DP-768x731.png 768w, https:\/\/www.berzosamdi.com\/wp-content\/uploads\/2023\/03\/Logo-ROBOT@3DP-1536x1462.png 1536w, https:\/\/www.berzosamdi.com\/wp-content\/uploads\/2023\/03\/Logo-ROBOT@3DP-2048x1949.png 2048w\" sizes=\"(max-width: 300px) 100vw, 300px\" \/>\t\t\t\t\t\t\t\t\t\t\t\t\t\t\t<\/div>\n\t\t\t\t<\/div>\n\t\t\t\t<div class=\"elementor-element elementor-element-e04f913 elementor-widget elementor-widget-image\" data-id=\"e04f913\" data-element_type=\"widget\" data-e-type=\"widget\" data-widget_type=\"image.default\">\n\t\t\t\t<div class=\"elementor-widget-container\">\n\t\t\t\t\t\t\t\t\t\t\t\t\t\t\t<img decoding=\"async\" width=\"300\" height=\"73\" src=\"https:\/\/www.berzosamdi.com\/wp-content\/uploads\/2023\/03\/co-funded.png\" class=\"attachment-medium size-medium wp-image-228\" alt=\"\" srcset=\"https:\/\/www.berzosamdi.com\/wp-content\/uploads\/2023\/03\/co-funded.png 1720w, https:\/\/www.berzosamdi.com\/wp-content\/uploads\/2023\/03\/co-funded-300x65.png 300w, https:\/\/www.berzosamdi.com\/wp-content\/uploads\/2023\/03\/co-funded-1024x223.png 1024w, https:\/\/www.berzosamdi.com\/wp-content\/uploads\/2023\/03\/co-funded-768x167.png 768w, https:\/\/www.berzosamdi.com\/wp-content\/uploads\/2023\/03\/co-funded-1536x335.png 1536w, https:\/\/www.berzosamdi.com\/wp-content\/uploads\/2023\/03\/co-funded-18x4.png 18w\" sizes=\"(max-width: 300px) 100vw, 300px\" \/>\t\t\t\t\t\t\t\t\t\t\t\t\t\t\t<\/div>\n\t\t\t\t<\/div>\n\t\t\t\t\t<\/div>\n\t\t<\/div>\n\t\t\t\t\t<\/div>\n\t\t<\/section>\n\t\t\t\t<\/div>","protected":false},"excerpt":{"rendered":"<p>Proyectos Inicio\u00a0 \/ Servicios ROBOT@3DP Nuevos recursos formativos para el cambio del paradigma industrial. Este proyecto tiene como objetivo integrar Aditive Manufacturing e impresoras 3D con Mechatronics como un complemento perfecto para que los estudiantes adquieran conocimientos que los posicionen, en conceptos emergentes de la industria 4.0. Adem\u00e1s, reunimos a ocho socios calificados en diversos [&hellip;]<\/p>\n","protected":false},"author":1,"featured_media":0,"parent":0,"menu_order":0,"comment_status":"closed","ping_status":"closed","template":"","meta":{"site-sidebar-layout":"no-sidebar","site-content-layout":"page-builder","ast-site-content-layout":"default","site-content-style":"default","site-sidebar-style":"default","ast-global-header-display":"","ast-banner-title-visibility":"","ast-main-header-display":"","ast-hfb-above-header-display":"","ast-hfb-below-header-display":"","ast-hfb-mobile-header-display":"","site-post-title":"disabled","ast-breadcrumbs-content":"","ast-featured-img":"disabled","footer-sml-layout":"","ast-disable-related-posts":"","theme-transparent-header-meta":"","adv-header-id-meta":"","stick-header-meta":"","header-above-stick-meta":"","header-main-stick-meta":"","header-below-stick-meta":"","astra-migrate-meta-layouts":"default","ast-page-background-enabled":"default","ast-page-background-meta":{"desktop":{"background-color":"var(--ast-global-color-4)","background-image":"","background-repeat":"repeat","background-position":"center center","background-size":"auto","background-attachment":"scroll","background-type":"","background-media":"","overlay-type":"","overlay-color":"","overlay-opacity":"","overlay-gradient":""},"tablet":{"background-color":"","background-image":"","background-repeat":"repeat","background-position":"center center","background-size":"auto","background-attachment":"scroll","background-type":"","background-media":"","overlay-type":"","overlay-color":"","overlay-opacity":"","overlay-gradient":""},"mobile":{"background-color":"","background-image":"","background-repeat":"repeat","background-position":"center center","background-size":"auto","background-attachment":"scroll","background-type":"","background-media":"","overlay-type":"","overlay-color":"","overlay-opacity":"","overlay-gradient":""}},"ast-content-background-meta":{"desktop":{"background-color":"var(--ast-global-color-5)","background-image":"","background-repeat":"repeat","background-position":"center center","background-size":"auto","background-attachment":"scroll","background-type":"","background-media":"","overlay-type":"","overlay-color":"","overlay-opacity":"","overlay-gradient":""},"tablet":{"background-color":"var(--ast-global-color-5)","background-image":"","background-repeat":"repeat","background-position":"center center","background-size":"auto","background-attachment":"scroll","background-type":"","background-media":"","overlay-type":"","overlay-color":"","overlay-opacity":"","overlay-gradient":""},"mobile":{"background-color":"var(--ast-global-color-5)","background-image":"","background-repeat":"repeat","background-position":"center center","background-size":"auto","background-attachment":"scroll","background-type":"","background-media":"","overlay-type":"","overlay-color":"","overlay-opacity":"","overlay-gradient":""}},"footnotes":""},"class_list":["post-217","page","type-page","status-publish","hentry"],"yoast_head":"<!-- This site is optimized with the Yoast SEO plugin v27.3 - https:\/\/yoast.com\/product\/yoast-seo-wordpress\/ -->\n<title>Proyectos - Berzosa Moldes de Inyecci\u00f3n<\/title>\n<meta name=\"robots\" content=\"index, follow, max-snippet:-1, max-image-preview:large, max-video-preview:-1\" \/>\n<link rel=\"canonical\" href=\"https:\/\/www.berzosamdi.com\/en\/proyectos\/\" \/>\n<meta property=\"og:locale\" content=\"en_US\" \/>\n<meta property=\"og:type\" content=\"article\" \/>\n<meta property=\"og:title\" content=\"Proyectos - Berzosa Moldes de Inyecci\u00f3n\" \/>\n<meta property=\"og:description\" content=\"Proyectos Inicio\u00a0 \/ Servicios ROBOT@3DP Nuevos recursos formativos para el cambio del paradigma industrial. Este proyecto tiene como objetivo integrar Aditive Manufacturing e impresoras 3D con Mechatronics como un complemento perfecto para que los estudiantes adquieran conocimientos que los posicionen, en conceptos emergentes de la industria 4.0. Adem\u00e1s, reunimos a ocho socios calificados en diversos [&hellip;]\" \/>\n<meta property=\"og:url\" content=\"https:\/\/www.berzosamdi.com\/en\/proyectos\/\" \/>\n<meta property=\"og:site_name\" content=\"Berzosa Moldes de Inyecci\u00f3n\" \/>\n<meta property=\"article:modified_time\" content=\"2023-03-20T15:39:58+00:00\" \/>\n<meta property=\"og:image\" content=\"https:\/\/www.berzosamdi.com\/wp-content\/uploads\/2023\/03\/foto-berzosa-proyecto3d.jpg\" \/>\n<meta name=\"twitter:card\" content=\"summary_large_image\" \/>\n<meta name=\"twitter:label1\" content=\"Est. reading time\" \/>\n\t<meta name=\"twitter:data1\" content=\"1 minute\" \/>\n<script type=\"application\/ld+json\" class=\"yoast-schema-graph\">{\"@context\":\"https:\\\/\\\/schema.org\",\"@graph\":[{\"@type\":\"WebPage\",\"@id\":\"https:\\\/\\\/www.berzosamdi.com\\\/proyectos\\\/\",\"url\":\"https:\\\/\\\/www.berzosamdi.com\\\/proyectos\\\/\",\"name\":\"Proyectos - Berzosa Moldes de Inyecci\u00f3n\",\"isPartOf\":{\"@id\":\"https:\\\/\\\/www.berzosamdi.com\\\/#website\"},\"primaryImageOfPage\":{\"@id\":\"https:\\\/\\\/www.berzosamdi.com\\\/proyectos\\\/#primaryimage\"},\"image\":{\"@id\":\"https:\\\/\\\/www.berzosamdi.com\\\/proyectos\\\/#primaryimage\"},\"thumbnailUrl\":\"https:\\\/\\\/www.berzosamdi.com\\\/wp-content\\\/uploads\\\/2023\\\/03\\\/foto-berzosa-proyecto3d.jpg\",\"datePublished\":\"2023-03-20T15:30:18+00:00\",\"dateModified\":\"2023-03-20T15:39:58+00:00\",\"breadcrumb\":{\"@id\":\"https:\\\/\\\/www.berzosamdi.com\\\/proyectos\\\/#breadcrumb\"},\"inLanguage\":\"en-US\",\"potentialAction\":[{\"@type\":\"ReadAction\",\"target\":[\"https:\\\/\\\/www.berzosamdi.com\\\/proyectos\\\/\"]}]},{\"@type\":\"ImageObject\",\"inLanguage\":\"en-US\",\"@id\":\"https:\\\/\\\/www.berzosamdi.com\\\/proyectos\\\/#primaryimage\",\"url\":\"https:\\\/\\\/www.berzosamdi.com\\\/wp-content\\\/uploads\\\/2023\\\/03\\\/foto-berzosa-proyecto3d.jpg\",\"contentUrl\":\"https:\\\/\\\/www.berzosamdi.com\\\/wp-content\\\/uploads\\\/2023\\\/03\\\/foto-berzosa-proyecto3d.jpg\"},{\"@type\":\"BreadcrumbList\",\"@id\":\"https:\\\/\\\/www.berzosamdi.com\\\/proyectos\\\/#breadcrumb\",\"itemListElement\":[{\"@type\":\"ListItem\",\"position\":1,\"name\":\"Portada\",\"item\":\"https:\\\/\\\/www.berzosamdi.com\\\/\"},{\"@type\":\"ListItem\",\"position\":2,\"name\":\"Proyectos\"}]},{\"@type\":\"WebSite\",\"@id\":\"https:\\\/\\\/www.berzosamdi.com\\\/#website\",\"url\":\"https:\\\/\\\/www.berzosamdi.com\\\/\",\"name\":\"Berzosa MDI\",\"description\":\"En Berzosa Moldes de Inyecci\u00f3n somos expertos en fabricaci\u00f3n moldes de packaging para inyecci\u00f3n de pl\u00e1stico\",\"publisher\":{\"@id\":\"https:\\\/\\\/www.berzosamdi.com\\\/#organization\"},\"alternateName\":\"Berzosa Moldes de Inyecci\u00f3n\",\"potentialAction\":[{\"@type\":\"SearchAction\",\"target\":{\"@type\":\"EntryPoint\",\"urlTemplate\":\"https:\\\/\\\/www.berzosamdi.com\\\/?s={search_term_string}\"},\"query-input\":{\"@type\":\"PropertyValueSpecification\",\"valueRequired\":true,\"valueName\":\"search_term_string\"}}],\"inLanguage\":\"en-US\"},{\"@type\":\"Organization\",\"@id\":\"https:\\\/\\\/www.berzosamdi.com\\\/#organization\",\"name\":\"Berzosa Moldes de Inyecci\u00f3n\",\"url\":\"https:\\\/\\\/www.berzosamdi.com\\\/\",\"logo\":{\"@type\":\"ImageObject\",\"inLanguage\":\"en-US\",\"@id\":\"https:\\\/\\\/www.berzosamdi.com\\\/#\\\/schema\\\/logo\\\/image\\\/\",\"url\":\"https:\\\/\\\/www.berzosamdi.com\\\/wp-content\\\/uploads\\\/2023\\\/03\\\/cropped-LOGO-BERZOSA.png\",\"contentUrl\":\"https:\\\/\\\/www.berzosamdi.com\\\/wp-content\\\/uploads\\\/2023\\\/03\\\/cropped-LOGO-BERZOSA.png\",\"width\":242,\"height\":65,\"caption\":\"Berzosa Moldes de Inyecci\u00f3n\"},\"image\":{\"@id\":\"https:\\\/\\\/www.berzosamdi.com\\\/#\\\/schema\\\/logo\\\/image\\\/\"},\"sameAs\":[\"https:\\\/\\\/www.linkedin.com\\\/company\\\/berzosa-injection-molds-sl\\\/\"]}]}<\/script>\n<!-- \/ Yoast SEO plugin. -->","yoast_head_json":{"title":"Proyectos - Berzosa Moldes de Inyecci\u00f3n","robots":{"index":"index","follow":"follow","max-snippet":"max-snippet:-1","max-image-preview":"max-image-preview:large","max-video-preview":"max-video-preview:-1"},"canonical":"https:\/\/www.berzosamdi.com\/en\/proyectos\/","og_locale":"en_US","og_type":"article","og_title":"Proyectos - Berzosa Moldes de Inyecci\u00f3n","og_description":"Proyectos Inicio\u00a0 \/ Servicios ROBOT@3DP Nuevos recursos formativos para el cambio del paradigma industrial. Este proyecto tiene como objetivo integrar Aditive Manufacturing e impresoras 3D con Mechatronics como un complemento perfecto para que los estudiantes adquieran conocimientos que los posicionen, en conceptos emergentes de la industria 4.0. Adem\u00e1s, reunimos a ocho socios calificados en diversos [&hellip;]","og_url":"https:\/\/www.berzosamdi.com\/en\/proyectos\/","og_site_name":"Berzosa Moldes de Inyecci\u00f3n","article_modified_time":"2023-03-20T15:39:58+00:00","og_image":[{"url":"https:\/\/www.berzosamdi.com\/wp-content\/uploads\/2023\/03\/foto-berzosa-proyecto3d.jpg","type":"","width":"","height":""}],"twitter_card":"summary_large_image","twitter_misc":{"Est. reading time":"1 minute"},"schema":{"@context":"https:\/\/schema.org","@graph":[{"@type":"WebPage","@id":"https:\/\/www.berzosamdi.com\/proyectos\/","url":"https:\/\/www.berzosamdi.com\/proyectos\/","name":"Proyectos - Berzosa Moldes de Inyecci\u00f3n","isPartOf":{"@id":"https:\/\/www.berzosamdi.com\/#website"},"primaryImageOfPage":{"@id":"https:\/\/www.berzosamdi.com\/proyectos\/#primaryimage"},"image":{"@id":"https:\/\/www.berzosamdi.com\/proyectos\/#primaryimage"},"thumbnailUrl":"https:\/\/www.berzosamdi.com\/wp-content\/uploads\/2023\/03\/foto-berzosa-proyecto3d.jpg","datePublished":"2023-03-20T15:30:18+00:00","dateModified":"2023-03-20T15:39:58+00:00","breadcrumb":{"@id":"https:\/\/www.berzosamdi.com\/proyectos\/#breadcrumb"},"inLanguage":"en-US","potentialAction":[{"@type":"ReadAction","target":["https:\/\/www.berzosamdi.com\/proyectos\/"]}]},{"@type":"ImageObject","inLanguage":"en-US","@id":"https:\/\/www.berzosamdi.com\/proyectos\/#primaryimage","url":"https:\/\/www.berzosamdi.com\/wp-content\/uploads\/2023\/03\/foto-berzosa-proyecto3d.jpg","contentUrl":"https:\/\/www.berzosamdi.com\/wp-content\/uploads\/2023\/03\/foto-berzosa-proyecto3d.jpg"},{"@type":"BreadcrumbList","@id":"https:\/\/www.berzosamdi.com\/proyectos\/#breadcrumb","itemListElement":[{"@type":"ListItem","position":1,"name":"Portada","item":"https:\/\/www.berzosamdi.com\/"},{"@type":"ListItem","position":2,"name":"Proyectos"}]},{"@type":"WebSite","@id":"https:\/\/www.berzosamdi.com\/#website","url":"https:\/\/www.berzosamdi.com\/","name":"Berzosa MDI","description":"En Berzosa Moldes de Inyecci\u00f3n somos expertos en fabricaci\u00f3n moldes de packaging para inyecci\u00f3n de pl\u00e1stico","publisher":{"@id":"https:\/\/www.berzosamdi.com\/#organization"},"alternateName":"Berzosa Moldes de Inyecci\u00f3n","potentialAction":[{"@type":"SearchAction","target":{"@type":"EntryPoint","urlTemplate":"https:\/\/www.berzosamdi.com\/?s={search_term_string}"},"query-input":{"@type":"PropertyValueSpecification","valueRequired":true,"valueName":"search_term_string"}}],"inLanguage":"en-US"},{"@type":"Organization","@id":"https:\/\/www.berzosamdi.com\/#organization","name":"Berzosa Injection Molds","url":"https:\/\/www.berzosamdi.com\/","logo":{"@type":"ImageObject","inLanguage":"en-US","@id":"https:\/\/www.berzosamdi.com\/#\/schema\/logo\/image\/","url":"https:\/\/www.berzosamdi.com\/wp-content\/uploads\/2023\/03\/cropped-LOGO-BERZOSA.png","contentUrl":"https:\/\/www.berzosamdi.com\/wp-content\/uploads\/2023\/03\/cropped-LOGO-BERZOSA.png","width":242,"height":65,"caption":"Berzosa Moldes de Inyecci\u00f3n"},"image":{"@id":"https:\/\/www.berzosamdi.com\/#\/schema\/logo\/image\/"},"sameAs":["https:\/\/www.linkedin.com\/company\/berzosa-injection-molds-sl\/"]}]}},"_links":{"self":[{"href":"https:\/\/www.berzosamdi.com\/en\/wp-json\/wp\/v2\/pages\/217","targetHints":{"allow":["GET"]}}],"collection":[{"href":"https:\/\/www.berzosamdi.com\/en\/wp-json\/wp\/v2\/pages"}],"about":[{"href":"https:\/\/www.berzosamdi.com\/en\/wp-json\/wp\/v2\/types\/page"}],"author":[{"embeddable":true,"href":"https:\/\/www.berzosamdi.com\/en\/wp-json\/wp\/v2\/users\/1"}],"replies":[{"embeddable":true,"href":"https:\/\/www.berzosamdi.com\/en\/wp-json\/wp\/v2\/comments?post=217"}],"version-history":[{"count":13,"href":"https:\/\/www.berzosamdi.com\/en\/wp-json\/wp\/v2\/pages\/217\/revisions"}],"predecessor-version":[{"id":239,"href":"https:\/\/www.berzosamdi.com\/en\/wp-json\/wp\/v2\/pages\/217\/revisions\/239"}],"wp:attachment":[{"href":"https:\/\/www.berzosamdi.com\/en\/wp-json\/wp\/v2\/media?parent=217"}],"curies":[{"name":"wp","href":"https:\/\/api.w.org\/{rel}","templated":true}]}}