{"id":364,"date":"2023-03-22T15:27:06","date_gmt":"2023-03-22T15:27:06","guid":{"rendered":"https:\/\/www.berzosamdi.com\/?page_id=364"},"modified":"2023-03-22T15:29:00","modified_gmt":"2023-03-22T15:29:00","slug":"politica-de-privacidad","status":"publish","type":"page","link":"https:\/\/www.berzosamdi.com\/en\/politica-de-privacidad\/","title":{"rendered":"Pol\u00edtica de privacidad"},"content":{"rendered":"<div data-elementor-type=\"wp-page\" data-elementor-id=\"364\" class=\"elementor elementor-364\" data-elementor-post-type=\"page\">\n\t\t\t\t\t\t<section class=\"elementor-section elementor-top-section elementor-element elementor-element-2a4c75f elementor-section-boxed elementor-section-height-default elementor-section-height-default\" data-id=\"2a4c75f\" data-element_type=\"section\" data-e-type=\"section\">\n\t\t\t\t\t\t<div class=\"elementor-container elementor-column-gap-default\">\n\t\t\t\t\t<div class=\"elementor-column elementor-col-100 elementor-top-column elementor-element elementor-element-776daa2\" data-id=\"776daa2\" data-element_type=\"column\" data-e-type=\"column\">\n\t\t\t<div class=\"elementor-widget-wrap elementor-element-populated\">\n\t\t\t\t\t\t<div class=\"elementor-element elementor-element-924b94e elementor-widget elementor-widget-text-editor\" data-id=\"924b94e\" data-element_type=\"widget\" data-e-type=\"widget\" data-widget_type=\"text-editor.default\">\n\t\t\t\t<div class=\"elementor-widget-container\">\n\t\t\t\t\t\t\t\t\t<table border=\"1\" cellspacing=\"0\" cellpadding=\"0\" align=\"center\"><tbody><tr><td colspan=\"2\"><h1>Pol\u00edtica de Privacidad<\/h1><p>\u00a0<\/p><p><strong>Informaci\u00f3n b\u00e1sica sobre Protecci\u00f3n de datos<\/strong><\/p><\/td><\/tr><tr><td><p><strong>Responsable:<\/strong><\/p><\/td><td><p>Berzosa Injection Molds, S.L.<\/p><\/td><\/tr><tr><td><p><strong>Finalidad:<\/strong><\/p><\/td><td><p>Atender su solicitud y enviarle comunicaciones comerciales<\/p><\/td><\/tr><tr><td><p><strong>Legitimaci\u00f3n:<\/strong><\/p><\/td><td><p>Ejecuci\u00f3n de un contrato.<\/p><p>Consentimiento del interesado.<\/p><\/td><\/tr><tr><td><p><strong>Destinatarios:<\/strong><\/p><\/td><td><p>No se ceder\u00e1n datos a terceros, salvo obligaci\u00f3n legal.<\/p><\/td><\/tr><tr><td><p><strong>Derechos:<\/strong><\/p><\/td><td><p>Tiene derecho a acceder, rectificar y suprimir los datos, as\u00ed como otros derechos, indicados en la informaci\u00f3n adicional, que puede ejercer dirigi\u00e9ndose a la direcci\u00f3n del responsable del tratamiento<\/p><\/td><\/tr><tr><td><p><strong>Procedencia:<\/strong><\/p><\/td><td><p>El propio interesado.<\/p><\/td><\/tr><\/tbody><\/table><div>\u00a0<\/div><p>\u00a0<\/p><p><strong>Informaci\u00f3n completa sobre Protecci\u00f3n de Datos<\/strong><\/p><ol><li>\u00bfQui\u00e9n es el responsable del tratamiento de sus datos?<\/li><\/ol><p>Berzosa Injection Molds, S.L..<\/p><p>B42503565.<\/p><p>Calle Sevilla, 30 &#8211; 03440 &#8211; IBI &#8211; ALACANT.<\/p><p>966551815.<\/p><p><a href=\"mailto:Admin@berzosamdi.com\">Admin@berzosamdi.com<\/a>.<\/p><ol><li>\u00bfCon qu\u00e9 finalidad tratamos sus datos personales?<\/li><\/ol><p>En Berzosa Injection Molds, S.L. tratamos la informaci\u00f3n que nos facilitan las personas interesadas con el fin de Atender su solicitud y enviarle comunicaciones comerciales, inclusive por v\u00eda electr\u00f3nica<\/p><p>No se van a tomar decisiones automatizadas en base a los datos proporcionados.<\/p><ol><li>\u00bfPor cu\u00e1nto tiempo conservaremos sus datos?<\/li><\/ol><p>Los datos se conservar\u00e1n mientras el interesado no solicite su supresi\u00f3n<\/p><ol><li>\u00bfCu\u00e1l es la legitimaci\u00f3n para el tratamiento de sus datos?<\/li><\/ol><p>Le indicamos la base legal para el tratamiento de sus datos:<\/p><ul><li>Ejecuci\u00f3n de un contrato: Atender su solicitud<\/li><li>Consentimiento del interesado: Enviarle comunicaciones comerciales, inclusive por v\u00eda electr\u00f3nica<\/li><\/ul><ol><li>\u00bfA qu\u00e9 destinatarios se comunicar\u00e1n sus datos?<\/li><\/ol><p>No se ceder\u00e1n datos a terceros, salvo obligaci\u00f3n legal.<\/p><ol><li>Transferencias de datos a terceros pa\u00edses<\/li><\/ol><p>No est\u00e1n previstas transferencias de datos a terceros pa\u00edses.<\/p><ol><li>\u00bfCu\u00e1les son sus derechos cuando nos facilita sus datos?<\/li><\/ol><p>Cualquier persona tiene derecho a obtener confirmaci\u00f3n sobre si en Berzosa Injection Molds, S.L. estamos tratando, o no, datos personales que les conciernan.<\/p><p>Las personas interesadas tienen derecho a acceder a sus datos personales, as\u00ed como a solicitar la rectificaci\u00f3n de los datos inexactos o, en su caso, solicitar su supresi\u00f3n cuando, entre otros motivos, los datos ya no sean necesarios para los fines que fueron recogidos. Igualmente tiene derecho a la portabilidad de sus datos.<\/p><p>En determinadas circunstancias, los interesados podr\u00e1n solicitar la limitaci\u00f3n del tratamiento de sus datos, en cuyo caso \u00fanicamente los conservaremos para el ejercicio o la defensa de reclamaciones.<\/p><p>En determinadas circunstancias y por motivos relacionados con su situaci\u00f3n particular, los interesados podr\u00e1n oponerse al tratamiento de sus datos. En este caso, Berzosa Injection Molds, S.L. dejar\u00e1 de tratar los datos, salvo por motivos leg\u00edtimos imperiosos, o el ejercicio o la defensa de posibles reclamaciones.<\/p><p>Podr\u00e1 ejercitar materialmente sus derechos de la siguiente forma: dirigi\u00e9ndose a la direcci\u00f3n del responsable del tratamiento<\/p><p>Cuando se realice el env\u00edo de comunicaciones comerciales utilizando como base jur\u00eddica el inter\u00e9s leg\u00edtimo del responsable, el interesado podr\u00e1 oponerse al tratamiento de sus datos con ese fin.<\/p><p>Si ha otorgado su consentimiento para alguna finalidad concreta, tiene derecho a retirar el consentimiento otorgado en cualquier momento, sin que ello afecte a la licitud del tratamiento basado en el consentimiento previo a su retirada.<\/p><p>En caso de que sienta vulnerados sus derechos en lo concerniente a la protecci\u00f3n de sus datos personales, especialmente cuando no haya obtenido satisfacci\u00f3n en el ejercicio de sus derechos, puede presentar una reclamaci\u00f3n ante la Autoridad de Control en materia de Protecci\u00f3n de Datos competente a trav\u00e9s de su sitio web:\u00a0<a href=\"http:\/\/www.agpd.es\/\">www.agpd.es<\/a>.<\/p><ol><li>\u00bfC\u00f3mo hemos obtenido sus datos?<\/li><\/ol><p>Los datos personales que tratamos en Berzosa Injection Molds, S.L. proceden de: El propio interesado.<\/p><p>\u00a0<\/p>\t\t\t\t\t\t\t\t<\/div>\n\t\t\t\t<\/div>\n\t\t\t\t\t<\/div>\n\t\t<\/div>\n\t\t\t\t\t<\/div>\n\t\t<\/section>\n\t\t\t\t<\/div>","protected":false},"excerpt":{"rendered":"<p>Pol\u00edtica de Privacidad \u00a0 Informaci\u00f3n b\u00e1sica sobre Protecci\u00f3n de datos Responsable: Berzosa Injection Molds, S.L. Finalidad: Atender su solicitud y enviarle comunicaciones comerciales Legitimaci\u00f3n: Ejecuci\u00f3n de un contrato. Consentimiento del interesado. Destinatarios: No se ceder\u00e1n datos a terceros, salvo obligaci\u00f3n legal. Derechos: Tiene derecho a acceder, rectificar y suprimir los datos, as\u00ed como otros derechos, [&hellip;]<\/p>\n","protected":false},"author":1,"featured_media":0,"parent":0,"menu_order":0,"comment_status":"closed","ping_status":"closed","template":"","meta":{"site-sidebar-layout":"no-sidebar","site-content-layout":"page-builder","ast-site-content-layout":"default","site-content-style":"default","site-sidebar-style":"default","ast-global-header-display":"","ast-banner-title-visibility":"","ast-main-header-display":"","ast-hfb-above-header-display":"","ast-hfb-below-header-display":"","ast-hfb-mobile-header-display":"","site-post-title":"disabled","ast-breadcrumbs-content":"","ast-featured-img":"disabled","footer-sml-layout":"","ast-disable-related-posts":"","theme-transparent-header-meta":"","adv-header-id-meta":"","stick-header-meta":"","header-above-stick-meta":"","header-main-stick-meta":"","header-below-stick-meta":"","astra-migrate-meta-layouts":"default","ast-page-background-enabled":"default","ast-page-background-meta":{"desktop":{"background-color":"var(--ast-global-color-4)","background-image":"","background-repeat":"repeat","background-position":"center center","background-size":"auto","background-attachment":"scroll","background-type":"","background-media":"","overlay-type":"","overlay-color":"","overlay-opacity":"","overlay-gradient":""},"tablet":{"background-color":"","background-image":"","background-repeat":"repeat","background-position":"center center","background-size":"auto","background-attachment":"scroll","background-type":"","background-media":"","overlay-type":"","overlay-color":"","overlay-opacity":"","overlay-gradient":""},"mobile":{"background-color":"","background-image":"","background-repeat":"repeat","background-position":"center center","background-size":"auto","background-attachment":"scroll","background-type":"","background-media":"","overlay-type":"","overlay-color":"","overlay-opacity":"","overlay-gradient":""}},"ast-content-background-meta":{"desktop":{"background-color":"var(--ast-global-color-5)","background-image":"","background-repeat":"repeat","background-position":"center center","background-size":"auto","background-attachment":"scroll","background-type":"","background-media":"","overlay-type":"","overlay-color":"","overlay-opacity":"","overlay-gradient":""},"tablet":{"background-color":"var(--ast-global-color-5)","background-image":"","background-repeat":"repeat","background-position":"center center","background-size":"auto","background-attachment":"scroll","background-type":"","background-media":"","overlay-type":"","overlay-color":"","overlay-opacity":"","overlay-gradient":""},"mobile":{"background-color":"var(--ast-global-color-5)","background-image":"","background-repeat":"repeat","background-position":"center center","background-size":"auto","background-attachment":"scroll","background-type":"","background-media":"","overlay-type":"","overlay-color":"","overlay-opacity":"","overlay-gradient":""}},"footnotes":""},"class_list":["post-364","page","type-page","status-publish","hentry"],"yoast_head":"<!-- This site is optimized with the Yoast SEO plugin v27.3 - https:\/\/yoast.com\/product\/yoast-seo-wordpress\/ -->\n<title>Pol\u00edtica de privacidad - Berzosa Moldes de Inyecci\u00f3n<\/title>\n<meta name=\"robots\" content=\"index, follow, max-snippet:-1, max-image-preview:large, max-video-preview:-1\" \/>\n<link rel=\"canonical\" href=\"https:\/\/www.berzosamdi.com\/en\/politica-de-privacidad\/\" \/>\n<meta property=\"og:locale\" content=\"en_US\" \/>\n<meta property=\"og:type\" content=\"article\" \/>\n<meta property=\"og:title\" content=\"Pol\u00edtica de privacidad - Berzosa Moldes de Inyecci\u00f3n\" \/>\n<meta property=\"og:description\" content=\"Pol\u00edtica de Privacidad \u00a0 Informaci\u00f3n b\u00e1sica sobre Protecci\u00f3n de datos Responsable: Berzosa Injection Molds, S.L. Finalidad: Atender su solicitud y enviarle comunicaciones comerciales Legitimaci\u00f3n: Ejecuci\u00f3n de un contrato. Consentimiento del interesado. Destinatarios: No se ceder\u00e1n datos a terceros, salvo obligaci\u00f3n legal. Derechos: Tiene derecho a acceder, rectificar y suprimir los datos, as\u00ed como otros derechos, [&hellip;]\" \/>\n<meta property=\"og:url\" content=\"https:\/\/www.berzosamdi.com\/en\/politica-de-privacidad\/\" \/>\n<meta property=\"og:site_name\" content=\"Berzosa Moldes de Inyecci\u00f3n\" \/>\n<meta property=\"article:modified_time\" content=\"2023-03-22T15:29:00+00:00\" \/>\n<meta name=\"twitter:card\" content=\"summary_large_image\" \/>\n<meta name=\"twitter:label1\" content=\"Est. reading time\" \/>\n\t<meta name=\"twitter:data1\" content=\"3 minutes\" \/>\n<script type=\"application\/ld+json\" class=\"yoast-schema-graph\">{\"@context\":\"https:\\\/\\\/schema.org\",\"@graph\":[{\"@type\":\"WebPage\",\"@id\":\"https:\\\/\\\/www.berzosamdi.com\\\/politica-de-privacidad\\\/\",\"url\":\"https:\\\/\\\/www.berzosamdi.com\\\/politica-de-privacidad\\\/\",\"name\":\"Pol\u00edtica de privacidad - Berzosa Moldes de Inyecci\u00f3n\",\"isPartOf\":{\"@id\":\"https:\\\/\\\/www.berzosamdi.com\\\/#website\"},\"datePublished\":\"2023-03-22T15:27:06+00:00\",\"dateModified\":\"2023-03-22T15:29:00+00:00\",\"breadcrumb\":{\"@id\":\"https:\\\/\\\/www.berzosamdi.com\\\/politica-de-privacidad\\\/#breadcrumb\"},\"inLanguage\":\"en-US\",\"potentialAction\":[{\"@type\":\"ReadAction\",\"target\":[\"https:\\\/\\\/www.berzosamdi.com\\\/politica-de-privacidad\\\/\"]}]},{\"@type\":\"BreadcrumbList\",\"@id\":\"https:\\\/\\\/www.berzosamdi.com\\\/politica-de-privacidad\\\/#breadcrumb\",\"itemListElement\":[{\"@type\":\"ListItem\",\"position\":1,\"name\":\"Portada\",\"item\":\"https:\\\/\\\/www.berzosamdi.com\\\/\"},{\"@type\":\"ListItem\",\"position\":2,\"name\":\"Pol\u00edtica de privacidad\"}]},{\"@type\":\"WebSite\",\"@id\":\"https:\\\/\\\/www.berzosamdi.com\\\/#website\",\"url\":\"https:\\\/\\\/www.berzosamdi.com\\\/\",\"name\":\"Berzosa MDI\",\"description\":\"En Berzosa Moldes de Inyecci\u00f3n somos expertos en fabricaci\u00f3n moldes de packaging para inyecci\u00f3n de pl\u00e1stico\",\"publisher\":{\"@id\":\"https:\\\/\\\/www.berzosamdi.com\\\/#organization\"},\"alternateName\":\"Berzosa Moldes de Inyecci\u00f3n\",\"potentialAction\":[{\"@type\":\"SearchAction\",\"target\":{\"@type\":\"EntryPoint\",\"urlTemplate\":\"https:\\\/\\\/www.berzosamdi.com\\\/?s={search_term_string}\"},\"query-input\":{\"@type\":\"PropertyValueSpecification\",\"valueRequired\":true,\"valueName\":\"search_term_string\"}}],\"inLanguage\":\"en-US\"},{\"@type\":\"Organization\",\"@id\":\"https:\\\/\\\/www.berzosamdi.com\\\/#organization\",\"name\":\"Berzosa Moldes de Inyecci\u00f3n\",\"url\":\"https:\\\/\\\/www.berzosamdi.com\\\/\",\"logo\":{\"@type\":\"ImageObject\",\"inLanguage\":\"en-US\",\"@id\":\"https:\\\/\\\/www.berzosamdi.com\\\/#\\\/schema\\\/logo\\\/image\\\/\",\"url\":\"https:\\\/\\\/www.berzosamdi.com\\\/wp-content\\\/uploads\\\/2023\\\/03\\\/cropped-LOGO-BERZOSA.png\",\"contentUrl\":\"https:\\\/\\\/www.berzosamdi.com\\\/wp-content\\\/uploads\\\/2023\\\/03\\\/cropped-LOGO-BERZOSA.png\",\"width\":242,\"height\":65,\"caption\":\"Berzosa Moldes de Inyecci\u00f3n\"},\"image\":{\"@id\":\"https:\\\/\\\/www.berzosamdi.com\\\/#\\\/schema\\\/logo\\\/image\\\/\"},\"sameAs\":[\"https:\\\/\\\/www.linkedin.com\\\/company\\\/berzosa-injection-molds-sl\\\/\"]}]}<\/script>\n<!-- \/ Yoast SEO plugin. -->","yoast_head_json":{"title":"Pol\u00edtica de privacidad - Berzosa Moldes de Inyecci\u00f3n","robots":{"index":"index","follow":"follow","max-snippet":"max-snippet:-1","max-image-preview":"max-image-preview:large","max-video-preview":"max-video-preview:-1"},"canonical":"https:\/\/www.berzosamdi.com\/en\/politica-de-privacidad\/","og_locale":"en_US","og_type":"article","og_title":"Pol\u00edtica de privacidad - Berzosa Moldes de Inyecci\u00f3n","og_description":"Pol\u00edtica de Privacidad \u00a0 Informaci\u00f3n b\u00e1sica sobre Protecci\u00f3n de datos Responsable: Berzosa Injection Molds, S.L. Finalidad: Atender su solicitud y enviarle comunicaciones comerciales Legitimaci\u00f3n: Ejecuci\u00f3n de un contrato. Consentimiento del interesado. Destinatarios: No se ceder\u00e1n datos a terceros, salvo obligaci\u00f3n legal. Derechos: Tiene derecho a acceder, rectificar y suprimir los datos, as\u00ed como otros derechos, [&hellip;]","og_url":"https:\/\/www.berzosamdi.com\/en\/politica-de-privacidad\/","og_site_name":"Berzosa Moldes de Inyecci\u00f3n","article_modified_time":"2023-03-22T15:29:00+00:00","twitter_card":"summary_large_image","twitter_misc":{"Est. reading time":"3 minutes"},"schema":{"@context":"https:\/\/schema.org","@graph":[{"@type":"WebPage","@id":"https:\/\/www.berzosamdi.com\/politica-de-privacidad\/","url":"https:\/\/www.berzosamdi.com\/politica-de-privacidad\/","name":"Pol\u00edtica de privacidad - Berzosa Moldes de Inyecci\u00f3n","isPartOf":{"@id":"https:\/\/www.berzosamdi.com\/#website"},"datePublished":"2023-03-22T15:27:06+00:00","dateModified":"2023-03-22T15:29:00+00:00","breadcrumb":{"@id":"https:\/\/www.berzosamdi.com\/politica-de-privacidad\/#breadcrumb"},"inLanguage":"en-US","potentialAction":[{"@type":"ReadAction","target":["https:\/\/www.berzosamdi.com\/politica-de-privacidad\/"]}]},{"@type":"BreadcrumbList","@id":"https:\/\/www.berzosamdi.com\/politica-de-privacidad\/#breadcrumb","itemListElement":[{"@type":"ListItem","position":1,"name":"Portada","item":"https:\/\/www.berzosamdi.com\/"},{"@type":"ListItem","position":2,"name":"Pol\u00edtica de privacidad"}]},{"@type":"WebSite","@id":"https:\/\/www.berzosamdi.com\/#website","url":"https:\/\/www.berzosamdi.com\/","name":"Berzosa MDI","description":"En Berzosa Moldes de Inyecci\u00f3n somos expertos en fabricaci\u00f3n moldes de packaging para inyecci\u00f3n de pl\u00e1stico","publisher":{"@id":"https:\/\/www.berzosamdi.com\/#organization"},"alternateName":"Berzosa Moldes de Inyecci\u00f3n","potentialAction":[{"@type":"SearchAction","target":{"@type":"EntryPoint","urlTemplate":"https:\/\/www.berzosamdi.com\/?s={search_term_string}"},"query-input":{"@type":"PropertyValueSpecification","valueRequired":true,"valueName":"search_term_string"}}],"inLanguage":"en-US"},{"@type":"Organization","@id":"https:\/\/www.berzosamdi.com\/#organization","name":"Berzosa Injection Molds","url":"https:\/\/www.berzosamdi.com\/","logo":{"@type":"ImageObject","inLanguage":"en-US","@id":"https:\/\/www.berzosamdi.com\/#\/schema\/logo\/image\/","url":"https:\/\/www.berzosamdi.com\/wp-content\/uploads\/2023\/03\/cropped-LOGO-BERZOSA.png","contentUrl":"https:\/\/www.berzosamdi.com\/wp-content\/uploads\/2023\/03\/cropped-LOGO-BERZOSA.png","width":242,"height":65,"caption":"Berzosa Moldes de Inyecci\u00f3n"},"image":{"@id":"https:\/\/www.berzosamdi.com\/#\/schema\/logo\/image\/"},"sameAs":["https:\/\/www.linkedin.com\/company\/berzosa-injection-molds-sl\/"]}]}},"_links":{"self":[{"href":"https:\/\/www.berzosamdi.com\/en\/wp-json\/wp\/v2\/pages\/364","targetHints":{"allow":["GET"]}}],"collection":[{"href":"https:\/\/www.berzosamdi.com\/en\/wp-json\/wp\/v2\/pages"}],"about":[{"href":"https:\/\/www.berzosamdi.com\/en\/wp-json\/wp\/v2\/types\/page"}],"author":[{"embeddable":true,"href":"https:\/\/www.berzosamdi.com\/en\/wp-json\/wp\/v2\/users\/1"}],"replies":[{"embeddable":true,"href":"https:\/\/www.berzosamdi.com\/en\/wp-json\/wp\/v2\/comments?post=364"}],"version-history":[{"count":4,"href":"https:\/\/www.berzosamdi.com\/en\/wp-json\/wp\/v2\/pages\/364\/revisions"}],"predecessor-version":[{"id":374,"href":"https:\/\/www.berzosamdi.com\/en\/wp-json\/wp\/v2\/pages\/364\/revisions\/374"}],"wp:attachment":[{"href":"https:\/\/www.berzosamdi.com\/en\/wp-json\/wp\/v2\/media?parent=364"}],"curies":[{"name":"wp","href":"https:\/\/api.w.org\/{rel}","templated":true}]}}