{"id":651,"date":"2023-07-04T15:01:21","date_gmt":"2023-07-04T15:01:21","guid":{"rendered":"https:\/\/www.berzosamdi.com\/?page_id=651"},"modified":"2023-07-04T15:08:53","modified_gmt":"2023-07-04T15:08:53","slug":"mapa-web","status":"publish","type":"page","link":"https:\/\/www.berzosamdi.com\/en\/mapa-web\/","title":{"rendered":"Mapa del sitio"},"content":{"rendered":"<div data-elementor-type=\"wp-page\" data-elementor-id=\"651\" class=\"elementor elementor-651\" data-elementor-post-type=\"page\">\n\t\t\t\t\t\t<section class=\"elementor-section elementor-top-section elementor-element elementor-element-352997f elementor-section-boxed elementor-section-height-default elementor-section-height-default\" data-id=\"352997f\" data-element_type=\"section\" data-e-type=\"section\">\n\t\t\t\t\t\t<div class=\"elementor-container elementor-column-gap-default\">\n\t\t\t\t\t<div class=\"elementor-column elementor-col-100 elementor-top-column elementor-element elementor-element-bce3973\" data-id=\"bce3973\" data-element_type=\"column\" data-e-type=\"column\">\n\t\t\t<div class=\"elementor-widget-wrap elementor-element-populated\">\n\t\t\t\t\t\t<div class=\"elementor-element elementor-element-90c5710 elementor-widget elementor-widget-sitemap\" data-id=\"90c5710\" data-element_type=\"widget\" data-e-type=\"widget\" data-widget_type=\"sitemap.default\">\n\t\t\t\t<div class=\"elementor-widget-container\">\n\t\t\t\t\t<div class=\"elementor-sitemap-wrap\"><div class=\"elementor-sitemap-section\"><h2 class=\"elementor-sitemap-title elementor-sitemap-page-title\">P\u00e1ginas<\/h2><ul class=\"elementor-sitemap-list elementor-sitemap-page-list\"><li class=\"elementor-sitemap-item elementor-sitemap-item-page page_item page-item-651 menu-item\"><a href=\"https:\/\/www.berzosamdi.com\/en\/mapa-web\/\" class=\"elementor-sitemap-item elementor-sitemap-item-page menu-link\">Mapa del sitio<\/a><\/li><li class=\"elementor-sitemap-item elementor-sitemap-item-page page_item page-item-495 menu-item\"><a href=\"https:\/\/www.berzosamdi.com\/en\/blog\/\" class=\"elementor-sitemap-item elementor-sitemap-item-page menu-link\">Blog<\/a><\/li><li class=\"elementor-sitemap-item elementor-sitemap-item-page page_item page-item-472 menu-item\"><a href=\"https:\/\/www.berzosamdi.com\/en\/declaracion-de-accesibilidad\/\" class=\"elementor-sitemap-item elementor-sitemap-item-page menu-link\">Declaraci\u00f3n de accesibilidad<\/a><\/li><li class=\"elementor-sitemap-item elementor-sitemap-item-page page_item page-item-364 menu-item\"><a href=\"https:\/\/www.berzosamdi.com\/en\/politica-de-privacidad\/\" class=\"elementor-sitemap-item elementor-sitemap-item-page menu-link\">Pol\u00edtica de privacidad<\/a><\/li><li class=\"elementor-sitemap-item elementor-sitemap-item-page page_item page-item-350 menu-item\"><a href=\"https:\/\/www.berzosamdi.com\/en\/aviso-legal\/\" class=\"elementor-sitemap-item elementor-sitemap-item-page menu-link\">Aviso Legal<\/a><\/li><li class=\"elementor-sitemap-item elementor-sitemap-item-page page_item page-item-217 menu-item\"><a href=\"https:\/\/www.berzosamdi.com\/en\/proyectos\/\" class=\"elementor-sitemap-item elementor-sitemap-item-page menu-link\">Projects<\/a><\/li><li class=\"elementor-sitemap-item elementor-sitemap-item-page page_item page-item-204 menu-item\"><a href=\"https:\/\/www.berzosamdi.com\/en\/fabricacion-equipos-iml\/\" class=\"elementor-sitemap-item elementor-sitemap-item-page menu-link\">Manufacture of IML equipment<\/a><\/li><li class=\"elementor-sitemap-item elementor-sitemap-item-page page_item page-item-186 menu-item\"><a href=\"https:\/\/www.berzosamdi.com\/en\/ingenieria\/\" class=\"elementor-sitemap-item elementor-sitemap-item-page menu-link\">Engineering<\/a><\/li><li class=\"elementor-sitemap-item elementor-sitemap-item-page page_item page-item-173 menu-item\"><a href=\"https:\/\/www.berzosamdi.com\/en\/reparacion-moldes\/\" class=\"elementor-sitemap-item elementor-sitemap-item-page menu-link\">Mold Repair<\/a><\/li><li class=\"elementor-sitemap-item elementor-sitemap-item-page page_item page-item-8 menu-item\"><a href=\"https:\/\/www.berzosamdi.com\/en\/\" class=\"elementor-sitemap-item elementor-sitemap-item-page menu-link\">HOME<\/a><\/li><li class=\"elementor-sitemap-item elementor-sitemap-item-page page_item page-item-18 menu-item\"><a href=\"https:\/\/www.berzosamdi.com\/en\/empresa\/\" class=\"elementor-sitemap-item elementor-sitemap-item-page menu-link\">COMPANY<\/a><\/li><li class=\"elementor-sitemap-item elementor-sitemap-item-page page_item page-item-22 menu-item\"><a href=\"https:\/\/www.berzosamdi.com\/en\/instalaciones\/\" class=\"elementor-sitemap-item elementor-sitemap-item-page menu-link\">FACILITIES<\/a><\/li><li class=\"elementor-sitemap-item elementor-sitemap-item-page page_item page-item-20 menu-item\"><a href=\"https:\/\/www.berzosamdi.com\/en\/servicios\/\" class=\"elementor-sitemap-item elementor-sitemap-item-page menu-link\">SERVICES<\/a><\/li><li class=\"elementor-sitemap-item elementor-sitemap-item-page page_item page-item-24 menu-item\"><a href=\"https:\/\/www.berzosamdi.com\/en\/contacto\/\" class=\"elementor-sitemap-item elementor-sitemap-item-page menu-link\">CONTACT<\/a><\/li><\/ul><\/div><div class=\"elementor-sitemap-section\"><h2 class=\"elementor-sitemap-title elementor-sitemap-category-title\">Categor\u00edas<\/h2><ul class=\"elementor-sitemap-list elementor-sitemap-category-list\">\t<li class=\"elementor-sitemap-item elementor-sitemap-item-category cat-item cat-item-8\"><a href=\"https:\/\/www.berzosamdi.com\/en\/category\/moldes\/\">Moldes<\/a>\n<\/li>\n\t<li class=\"elementor-sitemap-item elementor-sitemap-item-category cat-item cat-item-15\"><a href=\"https:\/\/www.berzosamdi.com\/en\/category\/moldeo-por-inyeccion\/\">Moldeo por inyecci\u00f3n<\/a>\n<\/li>\n\t<li class=\"elementor-sitemap-item elementor-sitemap-item-category cat-item cat-item-17\"><a href=\"https:\/\/www.berzosamdi.com\/en\/category\/mecanizado\/\">Mecanizado<\/a>\n<\/li>\n\t<li class=\"elementor-sitemap-item elementor-sitemap-item-category cat-item cat-item-16\"><a href=\"https:\/\/www.berzosamdi.com\/en\/category\/inyeccion-bimaterial\/\">Inyecci\u00f3n bimaterial<\/a>\n<\/li>\n\t<li class=\"elementor-sitemap-item elementor-sitemap-item-category cat-item cat-item-13\"><a href=\"https:\/\/www.berzosamdi.com\/en\/category\/iml\/\">IML<\/a>\n<\/li>\n\t<li class=\"elementor-sitemap-item elementor-sitemap-item-category cat-item cat-item-14\"><a href=\"https:\/\/www.berzosamdi.com\/en\/category\/gaim\/\">GAIM<\/a>\n<\/li>\n\t<li class=\"elementor-sitemap-item elementor-sitemap-item-category cat-item cat-item-18\"><a href=\"https:\/\/www.berzosamdi.com\/en\/category\/fabricacion-aditiva-de-metal\/\">Fabricaci\u00f3n aditiva de metal<\/a>\n<\/li>\n\t<li class=\"elementor-sitemap-item elementor-sitemap-item-category cat-item cat-item-7\"><a href=\"https:\/\/www.berzosamdi.com\/en\/category\/empresa\/\">Company<\/a>\n<\/li>\n<\/ul><\/div><\/div>\t\t\t\t<\/div>\n\t\t\t\t<\/div>\n\t\t\t\t\t<\/div>\n\t\t<\/div>\n\t\t\t\t\t<\/div>\n\t\t<\/section>\n\t\t\t\t<\/div>","protected":false},"excerpt":{"rendered":"","protected":false},"author":1,"featured_media":0,"parent":0,"menu_order":0,"comment_status":"closed","ping_status":"closed","template":"","meta":{"site-sidebar-layout":"no-sidebar","site-content-layout":"page-builder","ast-site-content-layout":"default","site-content-style":"default","site-sidebar-style":"default","ast-global-header-display":"","ast-banner-title-visibility":"","ast-main-header-display":"","ast-hfb-above-header-display":"","ast-hfb-below-header-display":"","ast-hfb-mobile-header-display":"","site-post-title":"disabled","ast-breadcrumbs-content":"","ast-featured-img":"disabled","footer-sml-layout":"","ast-disable-related-posts":"","theme-transparent-header-meta":"","adv-header-id-meta":"","stick-header-meta":"","header-above-stick-meta":"","header-main-stick-meta":"","header-below-stick-meta":"","astra-migrate-meta-layouts":"default","ast-page-background-enabled":"default","ast-page-background-meta":{"desktop":{"background-color":"var(--ast-global-color-4)","background-image":"","background-repeat":"repeat","background-position":"center center","background-size":"auto","background-attachment":"scroll","background-type":"","background-media":"","overlay-type":"","overlay-color":"","overlay-opacity":"","overlay-gradient":""},"tablet":{"background-color":"","background-image":"","background-repeat":"repeat","background-position":"center center","background-size":"auto","background-attachment":"scroll","background-type":"","background-media":"","overlay-type":"","overlay-color":"","overlay-opacity":"","overlay-gradient":""},"mobile":{"background-color":"","background-image":"","background-repeat":"repeat","background-position":"center center","background-size":"auto","background-attachment":"scroll","background-type":"","background-media":"","overlay-type":"","overlay-color":"","overlay-opacity":"","overlay-gradient":""}},"ast-content-background-meta":{"desktop":{"background-color":"var(--ast-global-color-5)","background-image":"","background-repeat":"repeat","background-position":"center center","background-size":"auto","background-attachment":"scroll","background-type":"","background-media":"","overlay-type":"","overlay-color":"","overlay-opacity":"","overlay-gradient":""},"tablet":{"background-color":"var(--ast-global-color-5)","background-image":"","background-repeat":"repeat","background-position":"center center","background-size":"auto","background-attachment":"scroll","background-type":"","background-media":"","overlay-type":"","overlay-color":"","overlay-opacity":"","overlay-gradient":""},"mobile":{"background-color":"var(--ast-global-color-5)","background-image":"","background-repeat":"repeat","background-position":"center center","background-size":"auto","background-attachment":"scroll","background-type":"","background-media":"","overlay-type":"","overlay-color":"","overlay-opacity":"","overlay-gradient":""}},"footnotes":""},"class_list":["post-651","page","type-page","status-publish","hentry"],"yoast_head":"<!-- This site is optimized with the Yoast SEO plugin v27.3 - https:\/\/yoast.com\/product\/yoast-seo-wordpress\/ -->\n<title>Mapa del sitio - Berzosa Moldes de Inyecci\u00f3n<\/title>\n<meta name=\"robots\" content=\"index, follow, max-snippet:-1, max-image-preview:large, max-video-preview:-1\" \/>\n<link rel=\"canonical\" href=\"https:\/\/www.berzosamdi.com\/en\/mapa-web\/\" \/>\n<meta property=\"og:locale\" content=\"en_US\" \/>\n<meta property=\"og:type\" content=\"article\" \/>\n<meta property=\"og:title\" content=\"Mapa del sitio - Berzosa Moldes de Inyecci\u00f3n\" \/>\n<meta property=\"og:url\" content=\"https:\/\/www.berzosamdi.com\/en\/mapa-web\/\" \/>\n<meta property=\"og:site_name\" content=\"Berzosa Moldes de Inyecci\u00f3n\" \/>\n<meta property=\"article:modified_time\" content=\"2023-07-04T15:08:53+00:00\" \/>\n<meta name=\"twitter:card\" content=\"summary_large_image\" \/>\n<meta name=\"twitter:label1\" content=\"Est. reading time\" \/>\n\t<meta name=\"twitter:data1\" content=\"1 minute\" \/>\n<script type=\"application\/ld+json\" class=\"yoast-schema-graph\">{\"@context\":\"https:\\\/\\\/schema.org\",\"@graph\":[{\"@type\":\"WebPage\",\"@id\":\"https:\\\/\\\/www.berzosamdi.com\\\/mapa-web\\\/\",\"url\":\"https:\\\/\\\/www.berzosamdi.com\\\/mapa-web\\\/\",\"name\":\"Mapa del sitio - Berzosa Moldes de Inyecci\u00f3n\",\"isPartOf\":{\"@id\":\"https:\\\/\\\/www.berzosamdi.com\\\/#website\"},\"datePublished\":\"2023-07-04T15:01:21+00:00\",\"dateModified\":\"2023-07-04T15:08:53+00:00\",\"breadcrumb\":{\"@id\":\"https:\\\/\\\/www.berzosamdi.com\\\/mapa-web\\\/#breadcrumb\"},\"inLanguage\":\"en-US\",\"potentialAction\":[{\"@type\":\"ReadAction\",\"target\":[\"https:\\\/\\\/www.berzosamdi.com\\\/mapa-web\\\/\"]}]},{\"@type\":\"BreadcrumbList\",\"@id\":\"https:\\\/\\\/www.berzosamdi.com\\\/mapa-web\\\/#breadcrumb\",\"itemListElement\":[{\"@type\":\"ListItem\",\"position\":1,\"name\":\"Portada\",\"item\":\"https:\\\/\\\/www.berzosamdi.com\\\/\"},{\"@type\":\"ListItem\",\"position\":2,\"name\":\"Mapa del sitio\"}]},{\"@type\":\"WebSite\",\"@id\":\"https:\\\/\\\/www.berzosamdi.com\\\/#website\",\"url\":\"https:\\\/\\\/www.berzosamdi.com\\\/\",\"name\":\"Berzosa MDI\",\"description\":\"En Berzosa Moldes de Inyecci\u00f3n somos expertos en fabricaci\u00f3n moldes de packaging para inyecci\u00f3n de pl\u00e1stico\",\"publisher\":{\"@id\":\"https:\\\/\\\/www.berzosamdi.com\\\/#organization\"},\"alternateName\":\"Berzosa Moldes de Inyecci\u00f3n\",\"potentialAction\":[{\"@type\":\"SearchAction\",\"target\":{\"@type\":\"EntryPoint\",\"urlTemplate\":\"https:\\\/\\\/www.berzosamdi.com\\\/?s={search_term_string}\"},\"query-input\":{\"@type\":\"PropertyValueSpecification\",\"valueRequired\":true,\"valueName\":\"search_term_string\"}}],\"inLanguage\":\"en-US\"},{\"@type\":\"Organization\",\"@id\":\"https:\\\/\\\/www.berzosamdi.com\\\/#organization\",\"name\":\"Berzosa Moldes de Inyecci\u00f3n\",\"url\":\"https:\\\/\\\/www.berzosamdi.com\\\/\",\"logo\":{\"@type\":\"ImageObject\",\"inLanguage\":\"en-US\",\"@id\":\"https:\\\/\\\/www.berzosamdi.com\\\/#\\\/schema\\\/logo\\\/image\\\/\",\"url\":\"https:\\\/\\\/www.berzosamdi.com\\\/wp-content\\\/uploads\\\/2023\\\/03\\\/cropped-LOGO-BERZOSA.png\",\"contentUrl\":\"https:\\\/\\\/www.berzosamdi.com\\\/wp-content\\\/uploads\\\/2023\\\/03\\\/cropped-LOGO-BERZOSA.png\",\"width\":242,\"height\":65,\"caption\":\"Berzosa Moldes de Inyecci\u00f3n\"},\"image\":{\"@id\":\"https:\\\/\\\/www.berzosamdi.com\\\/#\\\/schema\\\/logo\\\/image\\\/\"},\"sameAs\":[\"https:\\\/\\\/www.linkedin.com\\\/company\\\/berzosa-injection-molds-sl\\\/\"]}]}<\/script>\n<!-- \/ Yoast SEO plugin. -->","yoast_head_json":{"title":"Mapa del sitio - Berzosa Moldes de Inyecci\u00f3n","robots":{"index":"index","follow":"follow","max-snippet":"max-snippet:-1","max-image-preview":"max-image-preview:large","max-video-preview":"max-video-preview:-1"},"canonical":"https:\/\/www.berzosamdi.com\/en\/mapa-web\/","og_locale":"en_US","og_type":"article","og_title":"Mapa del sitio - Berzosa Moldes de Inyecci\u00f3n","og_url":"https:\/\/www.berzosamdi.com\/en\/mapa-web\/","og_site_name":"Berzosa Moldes de Inyecci\u00f3n","article_modified_time":"2023-07-04T15:08:53+00:00","twitter_card":"summary_large_image","twitter_misc":{"Est. reading time":"1 minute"},"schema":{"@context":"https:\/\/schema.org","@graph":[{"@type":"WebPage","@id":"https:\/\/www.berzosamdi.com\/mapa-web\/","url":"https:\/\/www.berzosamdi.com\/mapa-web\/","name":"Mapa del sitio - Berzosa Moldes de Inyecci\u00f3n","isPartOf":{"@id":"https:\/\/www.berzosamdi.com\/#website"},"datePublished":"2023-07-04T15:01:21+00:00","dateModified":"2023-07-04T15:08:53+00:00","breadcrumb":{"@id":"https:\/\/www.berzosamdi.com\/mapa-web\/#breadcrumb"},"inLanguage":"en-US","potentialAction":[{"@type":"ReadAction","target":["https:\/\/www.berzosamdi.com\/mapa-web\/"]}]},{"@type":"BreadcrumbList","@id":"https:\/\/www.berzosamdi.com\/mapa-web\/#breadcrumb","itemListElement":[{"@type":"ListItem","position":1,"name":"Portada","item":"https:\/\/www.berzosamdi.com\/"},{"@type":"ListItem","position":2,"name":"Mapa del sitio"}]},{"@type":"WebSite","@id":"https:\/\/www.berzosamdi.com\/#website","url":"https:\/\/www.berzosamdi.com\/","name":"Berzosa MDI","description":"En Berzosa Moldes de Inyecci\u00f3n somos expertos en fabricaci\u00f3n moldes de packaging para inyecci\u00f3n de pl\u00e1stico","publisher":{"@id":"https:\/\/www.berzosamdi.com\/#organization"},"alternateName":"Berzosa Moldes de Inyecci\u00f3n","potentialAction":[{"@type":"SearchAction","target":{"@type":"EntryPoint","urlTemplate":"https:\/\/www.berzosamdi.com\/?s={search_term_string}"},"query-input":{"@type":"PropertyValueSpecification","valueRequired":true,"valueName":"search_term_string"}}],"inLanguage":"en-US"},{"@type":"Organization","@id":"https:\/\/www.berzosamdi.com\/#organization","name":"Berzosa Injection Molds","url":"https:\/\/www.berzosamdi.com\/","logo":{"@type":"ImageObject","inLanguage":"en-US","@id":"https:\/\/www.berzosamdi.com\/#\/schema\/logo\/image\/","url":"https:\/\/www.berzosamdi.com\/wp-content\/uploads\/2023\/03\/cropped-LOGO-BERZOSA.png","contentUrl":"https:\/\/www.berzosamdi.com\/wp-content\/uploads\/2023\/03\/cropped-LOGO-BERZOSA.png","width":242,"height":65,"caption":"Berzosa Moldes de Inyecci\u00f3n"},"image":{"@id":"https:\/\/www.berzosamdi.com\/#\/schema\/logo\/image\/"},"sameAs":["https:\/\/www.linkedin.com\/company\/berzosa-injection-molds-sl\/"]}]}},"_links":{"self":[{"href":"https:\/\/www.berzosamdi.com\/en\/wp-json\/wp\/v2\/pages\/651","targetHints":{"allow":["GET"]}}],"collection":[{"href":"https:\/\/www.berzosamdi.com\/en\/wp-json\/wp\/v2\/pages"}],"about":[{"href":"https:\/\/www.berzosamdi.com\/en\/wp-json\/wp\/v2\/types\/page"}],"author":[{"embeddable":true,"href":"https:\/\/www.berzosamdi.com\/en\/wp-json\/wp\/v2\/users\/1"}],"replies":[{"embeddable":true,"href":"https:\/\/www.berzosamdi.com\/en\/wp-json\/wp\/v2\/comments?post=651"}],"version-history":[{"count":7,"href":"https:\/\/www.berzosamdi.com\/en\/wp-json\/wp\/v2\/pages\/651\/revisions"}],"predecessor-version":[{"id":660,"href":"https:\/\/www.berzosamdi.com\/en\/wp-json\/wp\/v2\/pages\/651\/revisions\/660"}],"wp:attachment":[{"href":"https:\/\/www.berzosamdi.com\/en\/wp-json\/wp\/v2\/media?parent=651"}],"curies":[{"name":"wp","href":"https:\/\/api.w.org\/{rel}","templated":true}]}}